{"id":1792,"date":"2026-01-11T21:35:32","date_gmt":"2026-01-11T20:35:32","guid":{"rendered":"https:\/\/eatliftlive.com\/politica-de-cookies-ue\/"},"modified":"2026-01-11T21:35:32","modified_gmt":"2026-01-11T20:35:32","slug":"politica-de-cookies-ue","status":"publish","type":"page","link":"https:\/\/eatliftlive.com\/en\/politica-de-cookies-ue\/","title":{"rendered":"Pol\u00edtica de cookies (UE)"},"content":{"rendered":"","protected":false},"excerpt":{"rendered":"","protected":false},"author":271924636,"featured_media":0,"parent":0,"menu_order":0,"comment_status":"closed","ping_status":"closed","template":"","meta":{"om_disable_all_campaigns":false,"footnotes":""},"class_list":["post-1792","page","type-page","status-publish","hentry"],"jetpack_sharing_enabled":true,"jetpack_shortlink":"https:\/\/wp.me\/PgPR8T-sU","jetpack-related-posts":[{"id":540,"url":"https:\/\/eatliftlive.com\/en\/politica-de-privacidad-eatliftlive\/","url_meta":{"origin":1792,"position":0},"title":"Pol\u00edtica de Privacidad","author":"Chef Owl","date":"6 de November de 2025","format":false,"excerpt":"Pol\u00edtica de Privacidad \u00daltima actualizaci\u00f3n: Viernes 31 Octubre 2025 En EatLiftLive\u00ae, nos tomamos muy en serio la privacidad de nuestros usuarios. Esta pol\u00edtica explica c\u00f3mo recopilamos, usamos y protegemos tus datos personales cuando accedes a nuestros productos digitales, men\u00fas nutricionales y recursos de entrenamiento. 1. Responsable del tratamiento Titular: EatLiftLive\u00aeEmail\u2026","rel":"","context":"Similar post","block_context":{"text":"Similar post","link":""},"img":{"alt_text":"","src":"","width":0,"height":0},"classes":[]},{"id":543,"url":"https:\/\/eatliftlive.com\/en\/terminos-y-condiciones-eatliftlive\/","url_meta":{"origin":1792,"position":1},"title":"T\u00e9rminos y Condiciones","author":"Chef Owl","date":"6 de November de 2025","format":false,"excerpt":"T\u00e9rminos y Condiciones \u00daltima actualizaci\u00f3n: Viernes, 31 de Octubre 2025 1. Titular del sitio web Responsable: EatLiftLive\u00aeEmail de contacto: group@eatliftlive.comUbicaci\u00f3n: Palma, Islas Baleares, Espa\u00f1a 2. Objeto del sitio EatLiftLive\u00ae ofrece productos digitales relacionados con nutrici\u00f3n, entrenamiento y bienestar, incluyendo men\u00fas, gu\u00edas y recursos descargables. 3. Condiciones de uso El usuario\u2026","rel":"","context":"Similar post","block_context":{"text":"Similar post","link":""},"img":{"alt_text":"","src":"","width":0,"height":0},"classes":[]},{"id":547,"url":"https:\/\/eatliftlive.com\/en\/aviso-legal-eatliftlive\/","url_meta":{"origin":1792,"position":2},"title":"Aviso Legal","author":"Chef Owl","date":"6 de November de 2025","format":false,"excerpt":"Aviso Legal \u00daltima actualizaci\u00f3n: Viernes, 31 de Octubre 2025 1. Titular del sitio web En cumplimiento con el art\u00edculo 10 de la Ley 34\/2002, de 11 de julio, de Servicios de la Sociedad de la Informaci\u00f3n y Comercio Electr\u00f3nico, se informa que el titular de este sitio web es:Nombre: Bogdan\u2026","rel":"","context":"Similar post","block_context":{"text":"Similar post","link":""},"img":{"alt_text":"","src":"","width":0,"height":0},"classes":[]}],"_links":{"self":[{"href":"https:\/\/eatliftlive.com\/en\/wp-json\/wp\/v2\/pages\/1792","targetHints":{"allow":["GET"]}}],"collection":[{"href":"https:\/\/eatliftlive.com\/en\/wp-json\/wp\/v2\/pages"}],"about":[{"href":"https:\/\/eatliftlive.com\/en\/wp-json\/wp\/v2\/types\/page"}],"author":[{"embeddable":true,"href":"https:\/\/eatliftlive.com\/en\/wp-json\/wp\/v2\/users\/271924636"}],"replies":[{"embeddable":true,"href":"https:\/\/eatliftlive.com\/en\/wp-json\/wp\/v2\/comments?post=1792"}],"version-history":[{"count":0,"href":"https:\/\/eatliftlive.com\/en\/wp-json\/wp\/v2\/pages\/1792\/revisions"}],"wp:attachment":[{"href":"https:\/\/eatliftlive.com\/en\/wp-json\/wp\/v2\/media?parent=1792"}],"curies":[{"name":"wp","href":"https:\/\/api.w.org\/{rel}","templated":true}]}}