{"id":601,"date":"2025-11-13T20:37:30","date_gmt":"2025-11-13T19:37:30","guid":{"rendered":"https:\/\/eatliftlive.com\/?page_id=601"},"modified":"2026-02-22T11:28:50","modified_gmt":"2026-02-22T10:28:50","slug":"sobre-mi","status":"publish","type":"page","link":"https:\/\/eatliftlive.com\/en\/sobre-mi\/","title":{"rendered":"Sobre mi"},"content":{"rendered":"<p><\/p>\n\n\n\n<p><\/p>\n\n\n\n<div class=\"row row-small align-equal align-center row-divided row-box-shadow-4\"  id=\"row-188165844\">\n\n\n\t<div id=\"col-628265318\" class=\"col medium-6 small-12 large-6\"  >\n\t\t\t\t<div class=\"col-inner box-shadow-3 text-shadow-3\"  >\n\t\t\t\n\t\t\t\n\n\t<div id=\"text-1769319216\" class=\"text\">\n\t\t\n\n<h1 class=\"uppercase\" style=\"text-align: center;\">Chef, creador y estratega de bienestar<\/h1>\n\t\t\n<style>\n#text-1769319216 {\n  line-height: 1.85;\n  text-align: center;\n}\n<\/style>\n\t<\/div>\n\t\n<div class=\"text-center\"><div class=\"is-divider divider clearfix\" ><\/div><\/div>\n\n\t<div id=\"text-3870156419\" class=\"text\">\n\t\t\n\n<p>Ayudo a personas y marcas a transformar su salud y su relaci\u00f3n con la comida a trav\u00e9s de disciplina, claridad y cocina real.<\/p>\n\t\t\n<style>\n#text-3870156419 {\n  text-align: center;\n}\n<\/style>\n\t<\/div>\n\t\n<div class=\"text-center\"><div class=\"is-divider divider clearfix\" ><\/div><\/div>\n\n<a class=\"button success is-shade box-shadow-3 box-shadow-5-hover expand\" style=\"border-radius:10px;\">\n\t\t<span>Apoya el proyecto<\/span>\n\t<\/a>\n\n\n\n\t\t<\/div>\n\t\t\t\t\n<style>\n#col-628265318 > .col-inner {\n  padding: 180px 0px 0px 0px;\n  margin: 0px 0px 0px 0px;\n  border-radius: 20px;\n}\n<\/style>\n\t<\/div>\n\n\t\n\n\t<div id=\"col-1297234696\" class=\"col medium-6 small-12 large-6\"  >\n\t\t\t\t<div class=\"col-inner box-shadow-3 text-shadow-3\"  >\n\t\t\t\n\t\t\t\n\n\t<div class=\"img has-hover x md-x lg-x y md-y lg-y\" id=\"image_415211663\">\n\t\t\t\t\t\t\t\t<div class=\"img-inner dark\" >\n\t\t\t<img loading=\"lazy\" decoding=\"async\" width=\"562\" height=\"599\" src=\"https:\/\/i0.wp.com\/eatliftlive.com\/wp-content\/uploads\/2026\/01\/Mejora-la-resolucion-a-4k-piano-1.webp?fit=562%2C599&amp;ssl=1\" class=\"attachment-large size-large\" alt=\"\" data-attachment-id=\"1575\" data-permalink=\"https:\/\/eatliftlive.com\/en\/mejora-la-resolucion-a-4k-piano-1\/\" data-orig-file=\"https:\/\/i0.wp.com\/eatliftlive.com\/wp-content\/uploads\/2026\/01\/Mejora-la-resolucion-a-4k-piano-1.webp?fit=562%2C599&amp;ssl=1\" data-orig-size=\"562,599\" data-comments-opened=\"0\" data-image-meta=\"{&quot;aperture&quot;:&quot;0&quot;,&quot;credit&quot;:&quot;&quot;,&quot;camera&quot;:&quot;&quot;,&quot;caption&quot;:&quot;&quot;,&quot;created_timestamp&quot;:&quot;0&quot;,&quot;copyright&quot;:&quot;&quot;,&quot;focal_length&quot;:&quot;0&quot;,&quot;iso&quot;:&quot;0&quot;,&quot;shutter_speed&quot;:&quot;0&quot;,&quot;title&quot;:&quot;&quot;,&quot;orientation&quot;:&quot;0&quot;}\" data-image-title=\"Mejora la resoluci\u00f3n a 4k piano (1)\" data-image-description=\"\" data-image-caption=\"\" data-large-file=\"https:\/\/i0.wp.com\/eatliftlive.com\/wp-content\/uploads\/2026\/01\/Mejora-la-resolucion-a-4k-piano-1.webp?fit=562%2C599&amp;ssl=1\" \/>\t\t\t\t\t\t\n\t\t\t\t\t<\/div>\n\t\t\t\t\t\t\t\t\n<style>\n#image_415211663 {\n  width: 100%;\n}\n<\/style>\n\t<\/div>\n\t\n\n\n\t\t<\/div>\n\t\t\t\t\n<style>\n#col-1297234696 > .col-inner {\n  padding: 20px 0px 40px 0px;\n  border-radius: 19px;\n}\n<\/style>\n\t<\/div>\n\n\t\n\n\n<style>\n#row-188165844 > .col > .col-inner {\n  background-color: rgb(245, 237, 227);\n}\n<\/style>\n<\/div>\n<div class=\"text-center\"><div class=\"is-divider divider clearfix\" style=\"max-width:200px;\"><\/div><\/div>\n\n<div class=\"row align-center\"  id=\"row-180459820\">\n\n\n\t<div id=\"col-1637708858\" class=\"col medium-3 small-6 large-3\"  >\n\t\t\t\t<div class=\"col-inner text-center text-shadow-3\"  >\n\t\t\t\n\t<div class=\"is-border\"\n\t\tstyle=\"border-color:rgb(192, 184, 184);border-radius:20px;border-width:3px 3px 3px 3px;\">\n\t<\/div>\n\t\t\t\n\n<h2 class=\"uppercase\">25+<\/h2>\n<p>A\u00f1os de experiencia<\/p>\n\n\t\t<\/div>\n\t\t\t\t\t<\/div>\n\n\t\n\n\t<div id=\"col-1465978804\" class=\"col medium-3 small-6 large-3\"  >\n\t\t\t\t<div class=\"col-inner text-center text-shadow-3\"  >\n\t\t\t\n\t<div class=\"is-border\"\n\t\tstyle=\"border-color:rgb(194, 188, 188);border-radius:20px;border-width:3px 3px 3px 3px;\">\n\t<\/div>\n\t\t\t\n\n<h2 class=\"uppercase\">2<\/h2>\n<p>Continentes<\/p>\n\n\t\t<\/div>\n\t\t\t\t\t<\/div>\n\n\t\n\n\t<div id=\"col-2138155249\" class=\"col medium-3 small-6 large-3\"  >\n\t\t\t\t<div class=\"col-inner text-center text-shadow-3\"  >\n\t\t\t\n\t<div class=\"is-border\"\n\t\tstyle=\"border-color:rgb(192, 184, 184);border-radius:20px;border-width:3px 3px 3px 3px;\">\n\t<\/div>\n\t\t\t\n\n<h2 class=\"uppercase\">1000+<\/h2>\n<p>Clientes<\/p>\n\n\t\t<\/div>\n\t\t\t\t\t<\/div>\n\n\t\n\n\t<div id=\"col-1963197863\" class=\"col medium-3 small-6 large-3\"  >\n\t\t\t\t<div class=\"col-inner text-center\"  >\n\t\t\t\n\t<div class=\"is-border\"\n\t\tstyle=\"border-color:rgb(192, 184, 184);border-radius:20px;border-width:3px 3px 3px 3px;\">\n\t<\/div>\n\t\t\t\n\n<h2 class=\"uppercase\">1<\/h2>\n<p>M\u00e9todo propio: EatLiftLive\u00ae<\/p>\n\n\t\t<\/div>\n\t\t\t\t\t<\/div>\n\n\t\n\n<\/div>\n<div class=\"text-center\"><div class=\"is-divider divider clearfix\" style=\"max-width:200px;\"><\/div><\/div>\n\n<div class=\"row align-equal align-center row-divided row-box-shadow-3\"  id=\"row-1298705048\">\n\n\n\t<div id=\"col-281045346\" class=\"col small-12 large-12\"  >\n\t\t\t\t<div class=\"col-inner box-shadow-3 text-shadow-3\"  >\n\t\t\t\n\t<div class=\"is-border\"\n\t\tstyle=\"border-width:0px 0px 0px 0px;\">\n\t<\/div>\n\t\t\t\n\n\n\t\t<div class=\"icon-box featured-box icon-box-top text-left\"  style=\"margin:10px 0px 0px 0px;\">\n\t\t\t\t<div class=\"icon-box-text last-reset\">\n\t\t\t\t\t\t\t\t\t\n\n\t<div id=\"text-3462635703\" class=\"text\">\n\t\t\n\n<h3 class=\"thin-font\" style=\"text-align: center;\"><strong>Formaci\u00f3n internacional<\/strong><\/h3>\n<p class=\"thin-font\" style=\"text-align: center;\">Cocina, nutrici\u00f3n y bienestar en Europa y Caribe<\/p>\n\t\t\n<style>\n#text-3462635703 {\n  text-align: center;\n}\n<\/style>\n\t<\/div>\n\t\n\n\t\t<\/div>\n\t<\/div>\n\t\n\t\n\n\t\t<div class=\"icon-box featured-box icon-box-top text-left\"  style=\"margin:10px 0px 0px 0px;\">\n\t\t\t\t<div class=\"icon-box-text last-reset\">\n\t\t\t\t\t\t\t\t\t\n\n<h3 style=\"text-align: center;\">Experiencia en hoteles y restaurantes<\/h3>\n<p style=\"text-align: center;\">A\u00f1os de trabajo en cocinas profesionales y proyectos gastron\u00f3micos<\/p>\n\n\t\t<\/div>\n\t<\/div>\n\t\n\t\n\n\t\t<div class=\"icon-box featured-box icon-box-top text-left\"  style=\"margin:10px 0px 0px 0px;\">\n\t\t\t\t<div class=\"icon-box-text last-reset\">\n\t\t\t\t\t\t\t\t\t\n\n<h3 style=\"text-align: center;\">Transici\u00f3n al bienestar integral<\/h3>\n<p style=\"text-align: center;\">Integrando nutrici\u00f3n, deporte y mentalidad<\/p>\n\n\t\t<\/div>\n\t<\/div>\n\t\n\t\n\n\t\t<div class=\"icon-box featured-box icon-box-center text-center\"  style=\"margin:10px 0px 0px 0px;\">\n\t\t\t\t<div class=\"icon-box-text last-reset\">\n\t\t\t\t\t\t\t\t\t\n\n<h3 style=\"text-align: center;\">Creaci\u00f3n de EatLiftLive\u00ae<\/h3>\n<p style=\"text-align: center;\">Mi m\u00e9todo para transformar salud y h\u00e1bitos con claridad y disciplina<\/p>\n\n\t\t<\/div>\n\t<\/div>\n\t\n\t\n\n\t\t<\/div>\n\t\t\t\t\t<\/div>\n\n\t\n\n\n<style>\n#row-1298705048 > .col > .col-inner {\n  padding: 100px 0px 100px 0px;\n  background-color: rgb(245, 237, 227);\n  border-radius: 20px;\n}\n<\/style>\n<\/div>\n<div class=\"text-center\"><div class=\"is-divider divider clearfix\" style=\"max-width:200px;\"><\/div><\/div>\n\n<div class=\"row align-equal row-divided row-box-shadow-3\"  id=\"row-404197127\">\n\n\n\t<div id=\"col-1393526432\" class=\"col medium-3 small-6 large-3\"  >\n\t\t\t\t<div class=\"col-inner box-shadow-3 text-shadow-3\"  >\n\t\t\t\n\t\t\t\n\n\t<div id=\"text-2283916759\" class=\"text\">\n\t\t\n\n<h3 style=\"text-align: center;\">Disciplina<\/h3>\n<p style=\"text-align: center;\">La base de cualquier transformaci\u00f3n real<\/p>\n\t\t\n<style>\n#text-2283916759 {\n  text-align: center;\n}\n<\/style>\n\t<\/div>\n\t\n\n\t\t<\/div>\n\t\t\t\t\t<\/div>\n\n\t\n\n\t<div id=\"col-495717889\" class=\"col medium-3 small-6 large-3\"  >\n\t\t\t\t<div class=\"col-inner box-shadow-3 text-shadow-3\"  >\n\t\t\t\n\t\t\t\n\n\n\t\t<div class=\"icon-box featured-box icon-box-top text-left\"  >\n\t\t\t\t<div class=\"icon-box-text last-reset\">\n\t\t\t\t\t\t\t\t\t\n\n\t<div id=\"text-809115796\" class=\"text\">\n\t\t\n\n<h3 style=\"text-align: center;\">Minimalismo<\/h3>\n<p style=\"text-align: center;\">Menos ruido, m\u00e1s claridad, mas prop\u00f3sito<\/p>\n\t\t\n<style>\n#text-809115796 {\n  text-align: center;\n}\n<\/style>\n\t<\/div>\n\t\n\n\t\t<\/div>\n\t<\/div>\n\t\n\t\n\n\t\t<\/div>\n\t\t\t\t\t<\/div>\n\n\t\n\n\t<div id=\"col-1063544423\" class=\"col medium-3 small-6 large-3\"  >\n\t\t\t\t<div class=\"col-inner box-shadow-3 text-shadow-3\"  >\n\t\t\t\n\t\t\t\n\n\t<div id=\"text-2560737480\" class=\"text\">\n\t\t\n\n<h3 style=\"text-align: center;\">Ciencia<\/h3>\n<p style=\"text-align: center;\">Decisiones basadas en evidencia<\/p>\n\t\t\n<style>\n#text-2560737480 {\n  text-align: center;\n}\n<\/style>\n\t<\/div>\n\t\n\n\t\t<\/div>\n\t\t\t\t\t<\/div>\n\n\t\n\n\t<div id=\"col-197195909\" class=\"col medium-3 small-6 large-3\"  >\n\t\t\t\t<div class=\"col-inner box-shadow-3 text-shadow-3\"  >\n\t\t\t\n\t\t\t\n\n\t<div id=\"text-1494754324\" class=\"text\">\n\t\t\n\n<h3 style=\"text-align: center;\">Cocina real<\/h3>\n<p style=\"text-align: center;\">Comida que nutre, no que confunde<\/p>\n\t\t\n<style>\n#text-1494754324 {\n  text-align: center;\n}\n<\/style>\n\t<\/div>\n\t\n\n\t\t<\/div>\n\t\t\t\t\t<\/div>\n\n\t\n\n\n<style>\n#row-404197127 > .col > .col-inner {\n  padding: 100px 0px 100px 0px;\n  background-color: rgb(245, 237, 227);\n  border-radius: 20px;\n}\n<\/style>\n<\/div>\n<div class=\"text-center\"><div class=\"is-divider divider clearfix\" style=\"max-width:200px;\"><\/div><\/div>\n\n<div class=\"row row-small row-full-width align-equal align-center row-divided\"  id=\"row-1394020110\">\n\n\n\t<div id=\"col-90115830\" class=\"col medium-6 large-6\"  >\n\t\t\t\t<div class=\"col-inner text-center box-shadow-3 text-shadow-3\"  >\n\t\t\t\n\t\t\t\n\n\t<div id=\"text-2701515733\" class=\"text\">\n\t\t\n\n<p class=\"alt-font lead\">\u00a0<\/p>\n<h1 class=\"uppercase thin-font\" style=\"text-align: center;\">Mi enfoque hoy<\/h1>\n<p class=\"thin-font\"><span style=\"font-size: 140%;\">Trabajo con personas y marcas que buscan claridad, estructura y resultados reales. Mi m\u00e9todo combina nutrici\u00f3n, deporte, mentalidad y dise\u00f1o de h\u00e1bitos.<\/span><\/p>\n\t\t\n<style>\n#text-2701515733 {\n  text-align: center;\n}\n<\/style>\n\t<\/div>\n\t\n\n\t\t<\/div>\n\t\t\t\t\n<style>\n#col-90115830 > .col-inner {\n  padding: 0px 0px 0px 0px;\n}\n<\/style>\n\t<\/div>\n\n\t\n\n\t<div id=\"col-2373993\" class=\"col medium-6 large-6\"  >\n\t\t\t\t<div class=\"col-inner box-shadow-3 text-shadow-3\"  >\n\t\t\t\n\t\t\t\n\n<p><!--StartFragment --><\/p>\n<p class=\"thin-font\" style=\"text-align: center;\"><span style=\"font-size: 140%;\">Planes deportivos<\/span><\/p>\n<p class=\"thin-font\" style=\"text-align: center;\"><span style=\"font-size: 140%;\">Planes nutricionales<\/span><\/p>\n<p class=\"thin-font\" style=\"text-align: center;\"><span style=\"font-size: 140%;\">Consultor\u00eda personalizada<\/span><\/p>\n<p class=\"thin-font\" style=\"text-align: center;\"><span style=\"font-size: 140%;\">Contenido educativo<\/span><\/p>\n<p class=\"thin-font\" style=\"text-align: center;\"><span style=\"font-size: 140%;\">Estrategia para marcas de bienestar<\/span><\/p>\n<p><!--EndFragment --><\/p>\n\n\t\t<\/div>\n\t\t\t\t\t<\/div>\n\n\t\n\n\n<style>\n#row-1394020110 > .col > .col-inner {\n  padding: 100px 0px 100px 0px;\n  background-color: rgb(245, 237, 227);\n  border-radius: 20px;\n}\n<\/style>\n<\/div>\n<div class=\"text-center\"><div class=\"is-divider divider clearfix\" style=\"max-width:200px;\"><\/div><\/div>\n\n<div class=\"row\"  id=\"row-91657210\">\n\n\n\t<div id=\"col-31809357\" class=\"col small-12 large-12\"  >\n\t\t\t\t<div class=\"col-inner box-shadow-3 text-shadow-3\" style=\"background-color:rgb(245, 237, 227);\" >\n\t\t\t\n\t\t\t\n\n\t<div id=\"text-1665869316\" class=\"text\">\n\t\t\n\n<h2 class=\"text-3xl sm:text-4xl lg:text-5xl font-bold tracking-tight text-balance\" style=\"text-align: center;\">Soy Chef Owl<\/h2>\n<p class=\"text-xl sm:text-2xl text-foreground\/80 leading-relaxed max-w-3xl mx-auto text-balance\" style=\"text-align: center;\"><span style=\"font-size: 130%;\">\u00a0 \u00a0Y mi prop\u00f3sito es simple y contundente: <strong class=\"text-foreground\">que la cocina respire<\/strong>, que el equipo funcione y que el oficio se sostenga\u00a0 \u00a0con respeto, m\u00e9todo y experiencia real.<\/span><\/p>\n<h1 class=\"uppercase\" style=\"text-align: center;\">\u00bfListo para empezar tu transformaci\u00f3n?<\/h1>\n\t\t\n<style>\n#text-1665869316 {\n  text-align: center;\n}\n<\/style>\n\t<\/div>\n\t\n<a href=\"https:\/\/eatliftlive.com\/en\/contacto\/\" class=\"button success is-shade is-larger box-shadow-4 box-shadow-5-hover expand\" style=\"border-radius:10px;\">\n\t\t<span>hablemos<\/span>\n\t<\/a>\n\n\n\n\t\t<\/div>\n\t\t\t\t\t<\/div>\n\n\t\n\n\n<style>\n#row-91657210 > .col > .col-inner {\n  padding: 120px 0px 120px 0px;\n  background-color: rgb(247, 247, 247);\n  border-radius: 20px;\n}\n<\/style>\n<\/div>","protected":false},"excerpt":{"rendered":"","protected":false},"author":271924636,"featured_media":0,"parent":0,"menu_order":0,"comment_status":"closed","ping_status":"closed","template":"","meta":{"om_disable_all_campaigns":false,"footnotes":""},"class_list":["post-601","page","type-page","status-publish","hentry"],"jetpack_sharing_enabled":true,"jetpack_shortlink":"https:\/\/wp.me\/PgPR8T-9H","jetpack-related-posts":[{"id":469,"url":"https:\/\/eatliftlive.com\/en\/sobre-eatliftlive\/","url_meta":{"origin":601,"position":0},"title":"\u2728 Sobre EatLiftLive\u00ae","author":"Chef Owl","date":"6 de November de 2025","format":false,"excerpt":"Un proyecto para quienes buscan claridad, direcci\u00f3n y conexi\u00f3n en su vida \u00a1Empieza hoy!","rel":"","context":"Similar post","block_context":{"text":"Similar post","link":""},"img":{"alt_text":"","src":"https:\/\/i0.wp.com\/eatliftlive.com\/wp-content\/uploads\/2025\/10\/Mesa-preparada-fondo.jpg?fit=1024%2C1024&ssl=1&resize=350%2C200","width":350,"height":200,"srcset":"https:\/\/i0.wp.com\/eatliftlive.com\/wp-content\/uploads\/2025\/10\/Mesa-preparada-fondo.jpg?fit=1024%2C1024&ssl=1&resize=350%2C200 1x, https:\/\/i0.wp.com\/eatliftlive.com\/wp-content\/uploads\/2025\/10\/Mesa-preparada-fondo.jpg?fit=1024%2C1024&ssl=1&resize=525%2C300 1.5x, https:\/\/i0.wp.com\/eatliftlive.com\/wp-content\/uploads\/2025\/10\/Mesa-preparada-fondo.jpg?fit=1024%2C1024&ssl=1&resize=700%2C400 2x"},"classes":[]},{"id":811,"url":"https:\/\/eatliftlive.com\/en\/blog-posts\/","url_meta":{"origin":601,"position":1},"title":"Blog Posts","author":"Chef Owl","date":"11 de August de 2013","format":false,"excerpt":"","rel":"","context":"Similar post","block_context":{"text":"Similar post","link":""},"img":{"alt_text":"","src":"https:\/\/i0.wp.com\/eatliftlive.com\/wp-content\/uploads\/2016\/08\/dummy-1.jpg?fit=400%2C260&ssl=1&resize=350%2C200","width":350,"height":200},"classes":[]},{"id":807,"url":"https:\/\/eatliftlive.com\/en\/map\/","url_meta":{"origin":601,"position":2},"title":"Map","author":"Chef Owl","date":"11 de August de 2013","format":false,"excerpt":"","rel":"","context":"Similar post","block_context":{"text":"Similar post","link":""},"img":{"alt_text":"","src":"https:\/\/i0.wp.com\/eatliftlive.com\/wp-content\/uploads\/2016\/08\/dummy-1.jpg?fit=400%2C260&ssl=1&resize=350%2C200","width":350,"height":200},"classes":[]},{"id":2126,"url":"https:\/\/eatliftlive.com\/en\/apoya-el-proyecto\/","url_meta":{"origin":601,"position":3},"title":"APOYA EL PROYECTO","author":"Chef Owl","date":"22 de February de 2026","format":false,"excerpt":"Apoya el proyecto EatLiftLive\u00ae naci\u00f3 de una idea simple: vivir mejor desde lo esencial.Comer con intenci\u00f3n. Moverse con prop\u00f3sito. Habitar el cuerpo y la vida con m\u00e1s claridad. Este proyecto crece sin prisas, sin ruido y sin artificios.Crece desde la autenticidad, desde la pr\u00e1ctica diaria, desde la voluntad de compartir\u2026","rel":"","context":"Similar post","block_context":{"text":"Similar post","link":""},"img":{"alt_text":"","src":"https:\/\/i0.wp.com\/www.paypal.com\/es_ES\/i\/scr\/pixel.gif?resize=350%2C200&ssl=1","width":350,"height":200},"classes":[]},{"id":804,"url":"https:\/\/eatliftlive.com\/en\/contacto\/","url_meta":{"origin":601,"position":4},"title":"Contacto","author":"Chef Owl","date":"11 de August de 2013","format":false,"excerpt":"\u00a0","rel":"","context":"Similar post","block_context":{"text":"Similar post","link":""},"img":{"alt_text":"","src":"https:\/\/i0.wp.com\/eatliftlive.com\/wp-content\/uploads\/2026\/01\/contacto-hero1.webp?fit=1200%2C664&ssl=1&resize=350%2C200","width":350,"height":200,"srcset":"https:\/\/i0.wp.com\/eatliftlive.com\/wp-content\/uploads\/2026\/01\/contacto-hero1.webp?fit=1200%2C664&ssl=1&resize=350%2C200 1x, https:\/\/i0.wp.com\/eatliftlive.com\/wp-content\/uploads\/2026\/01\/contacto-hero1.webp?fit=1200%2C664&ssl=1&resize=525%2C300 1.5x, https:\/\/i0.wp.com\/eatliftlive.com\/wp-content\/uploads\/2026\/01\/contacto-hero1.webp?fit=1200%2C664&ssl=1&resize=700%2C400 2x, https:\/\/i0.wp.com\/eatliftlive.com\/wp-content\/uploads\/2026\/01\/contacto-hero1.webp?fit=1200%2C664&ssl=1&resize=1050%2C600 3x"},"classes":[]},{"id":543,"url":"https:\/\/eatliftlive.com\/en\/terminos-y-condiciones-eatliftlive\/","url_meta":{"origin":601,"position":5},"title":"T\u00e9rminos y Condiciones","author":"Chef Owl","date":"6 de November de 2025","format":false,"excerpt":"T\u00e9rminos y Condiciones \u00daltima actualizaci\u00f3n: Viernes, 31 de Octubre 2025 1. Titular del sitio web Responsable: EatLiftLive\u00aeEmail de contacto: group@eatliftlive.comUbicaci\u00f3n: Palma, Islas Baleares, Espa\u00f1a 2. Objeto del sitio EatLiftLive\u00ae ofrece productos digitales relacionados con nutrici\u00f3n, entrenamiento y bienestar, incluyendo men\u00fas, gu\u00edas y recursos descargables. 3. Condiciones de uso El usuario\u2026","rel":"","context":"Similar post","block_context":{"text":"Similar post","link":""},"img":{"alt_text":"","src":"","width":0,"height":0},"classes":[]}],"_links":{"self":[{"href":"https:\/\/eatliftlive.com\/en\/wp-json\/wp\/v2\/pages\/601","targetHints":{"allow":["GET"]}}],"collection":[{"href":"https:\/\/eatliftlive.com\/en\/wp-json\/wp\/v2\/pages"}],"about":[{"href":"https:\/\/eatliftlive.com\/en\/wp-json\/wp\/v2\/types\/page"}],"author":[{"embeddable":true,"href":"https:\/\/eatliftlive.com\/en\/wp-json\/wp\/v2\/users\/271924636"}],"replies":[{"embeddable":true,"href":"https:\/\/eatliftlive.com\/en\/wp-json\/wp\/v2\/comments?post=601"}],"version-history":[{"count":43,"href":"https:\/\/eatliftlive.com\/en\/wp-json\/wp\/v2\/pages\/601\/revisions"}],"predecessor-version":[{"id":2125,"href":"https:\/\/eatliftlive.com\/en\/wp-json\/wp\/v2\/pages\/601\/revisions\/2125"}],"wp:attachment":[{"href":"https:\/\/eatliftlive.com\/en\/wp-json\/wp\/v2\/media?parent=601"}],"curies":[{"name":"wp","href":"https:\/\/api.w.org\/{rel}","templated":true}]}}