{"id":1177,"date":"2025-11-04T22:43:37","date_gmt":"2025-11-04T21:43:37","guid":{"rendered":"https:\/\/eatliftlive.com\/?post_type=product&#038;p=1177"},"modified":"2026-01-27T11:59:05","modified_gmt":"2026-01-27T10:59:05","slug":"menu-cortesia","status":"publish","type":"product","link":"https:\/\/eatliftlive.com\/en\/product\/menu-cortesia\/","title":{"rendered":"Men\u00fa CORTES\u00cdA"},"content":{"rendered":"<figure id=\"attachment_343\" aria-describedby=\"caption-attachment-343\" style=\"width: 300px\" class=\"wp-caption alignnone\"><img data-recalc-dims=\"1\" loading=\"lazy\" decoding=\"async\" data-attachment-id=\"343\" data-permalink=\"https:\/\/eatliftlive.com\/en\/?attachment_id=343#main\" data-orig-file=\"https:\/\/i0.wp.com\/eatliftlive.com\/wp-content\/uploads\/2025\/10\/ingredientes-clave-para-la-cocina-nutricional.png?fit=1024%2C768&amp;ssl=1\" data-orig-size=\"1024,768\" data-comments-opened=\"1\" data-image-meta=\"{&quot;aperture&quot;:&quot;0&quot;,&quot;credit&quot;:&quot;&quot;,&quot;camera&quot;:&quot;&quot;,&quot;caption&quot;:&quot;&quot;,&quot;created_timestamp&quot;:&quot;0&quot;,&quot;copyright&quot;:&quot;&quot;,&quot;focal_length&quot;:&quot;0&quot;,&quot;iso&quot;:&quot;0&quot;,&quot;shutter_speed&quot;:&quot;0&quot;,&quot;title&quot;:&quot;&quot;,&quot;orientation&quot;:&quot;0&quot;}\" data-image-title=\"ingredientes-clave-para-la-cocina-nutricional\" data-image-description=\"&lt;p&gt;EatLiftLive\u00ae te invita a probar.&lt;br \/&gt;Ligero, funcional y sin coste.&lt;\/p&gt;\" data-image-caption=\"&lt;p&gt;EatLiftLive\u00ae te invita a probar.&lt;br \/&gt;Ligero, funcional y sin coste.&lt;\/p&gt;\" data-large-file=\"https:\/\/i0.wp.com\/eatliftlive.com\/wp-content\/uploads\/2025\/10\/ingredientes-clave-para-la-cocina-nutricional.png?fit=1020%2C765&amp;ssl=1\" class=\"size-medium wp-image-343\" src=\"https:\/\/i0.wp.com\/eatliftlive.com\/wp-content\/uploads\/2025\/10\/ingredientes-clave-para-la-cocina-nutricional.png?resize=300%2C225&#038;ssl=1\" alt=\"\" width=\"300\" height=\"225\" srcset=\"https:\/\/i0.wp.com\/eatliftlive.com\/wp-content\/uploads\/2025\/10\/ingredientes-clave-para-la-cocina-nutricional.png?resize=300%2C225&amp;ssl=1 300w, https:\/\/i0.wp.com\/eatliftlive.com\/wp-content\/uploads\/2025\/10\/ingredientes-clave-para-la-cocina-nutricional.png?resize=768%2C576&amp;ssl=1 768w, https:\/\/i0.wp.com\/eatliftlive.com\/wp-content\/uploads\/2025\/10\/ingredientes-clave-para-la-cocina-nutricional.png?resize=800%2C600&amp;ssl=1 800w, https:\/\/i0.wp.com\/eatliftlive.com\/wp-content\/uploads\/2025\/10\/ingredientes-clave-para-la-cocina-nutricional.png?resize=600%2C450&amp;ssl=1 600w, https:\/\/i0.wp.com\/eatliftlive.com\/wp-content\/uploads\/2025\/10\/ingredientes-clave-para-la-cocina-nutricional.png?resize=400%2C300&amp;ssl=1 400w, https:\/\/i0.wp.com\/eatliftlive.com\/wp-content\/uploads\/2025\/10\/ingredientes-clave-para-la-cocina-nutricional.png?resize=200%2C150&amp;ssl=1 200w, https:\/\/i0.wp.com\/eatliftlive.com\/wp-content\/uploads\/2025\/10\/ingredientes-clave-para-la-cocina-nutricional.png?w=1024&amp;ssl=1 1024w\" sizes=\"auto, (max-width: 300px) 100vw, 300px\" \/><figcaption id=\"caption-attachment-343\" class=\"wp-caption-text\">EatLiftLive\u00ae te invita a probar.<br \/>Ligero, funcional y sin coste.<\/figcaption><\/figure>","protected":false},"excerpt":{"rendered":"<p class=\"translation-block\">Un men\u00fa digital gratuito (dos d\u00edas y un batido) para empezar a reconectar con tu forma de comer.<br>\r\nSimple, claro y sin restricciones.<br>\r\nDesc\u00e1rgalo y descubre c\u00f3mo es comer con intenci\u00f3n.<\/p>","protected":false},"featured_media":343,"comment_status":"open","ping_status":"closed","template":"","meta":{"om_disable_all_campaigns":false,"jetpack_publicize_message":"","jetpack_publicize_feature_enabled":true,"jetpack_social_post_already_shared":true,"jetpack_social_options":{"image_generator_settings":{"template":"highway","default_image_id":0,"font":"","enabled":false},"version":2}},"product_brand":[],"product_cat":[1473,1471,1470],"product_tag":[1478],"class_list":{"0":"post-1177","1":"product","2":"type-product","3":"status-publish","4":"has-post-thumbnail","6":"product_cat-alimentacion","7":"product_cat-bebidas","8":"product_cat-menus","9":"product_tag-free","11":"first","12":"instock","13":"downloadable","14":"virtual","15":"taxable","16":"purchasable","17":"product-type-simple"},"jetpack_publicize_connections":[],"jetpack_sharing_enabled":true,"jetpack-related-posts":[{"id":1174,"url":"https:\/\/eatliftlive.com\/en\/product\/menu-enfoque\/","url_meta":{"origin":1177,"position":0},"title":"Men\u00fa ENFOQUE","author":"Chef Owl","date":"4 de November de 2025","format":false,"excerpt":"Un men\u00fa digital dise\u00f1ado para ayudarte a comer con claridad cuando necesitas volver a tu centro. Recetas simples, sin ruido, para reconectar con tu intenci\u00f3n y recuperar tu equilibrio.","rel":"","context":"Similar post","block_context":{"text":"Similar post","link":""},"img":{"alt_text":"","src":"https:\/\/i0.wp.com\/eatliftlive.com\/wp-content\/uploads\/2025\/11\/imagen-de-un-menu-funcional.jpg?fit=1200%2C672&ssl=1&resize=350%2C200","width":350,"height":200,"srcset":"https:\/\/i0.wp.com\/eatliftlive.com\/wp-content\/uploads\/2025\/11\/imagen-de-un-menu-funcional.jpg?fit=1200%2C672&ssl=1&resize=350%2C200 1x, https:\/\/i0.wp.com\/eatliftlive.com\/wp-content\/uploads\/2025\/11\/imagen-de-un-menu-funcional.jpg?fit=1200%2C672&ssl=1&resize=525%2C300 1.5x, https:\/\/i0.wp.com\/eatliftlive.com\/wp-content\/uploads\/2025\/11\/imagen-de-un-menu-funcional.jpg?fit=1200%2C672&ssl=1&resize=700%2C400 2x, https:\/\/i0.wp.com\/eatliftlive.com\/wp-content\/uploads\/2025\/11\/imagen-de-un-menu-funcional.jpg?fit=1200%2C672&ssl=1&resize=1050%2C600 3x"},"classes":[]},{"id":1169,"url":"https:\/\/eatliftlive.com\/en\/product\/menu-vitalidad\/","url_meta":{"origin":1177,"position":1},"title":"Men\u00fa VITALIDAD","author":"Chef Owl","date":"4 de November de 2025","format":false,"excerpt":"Recetas dise\u00f1adas para activar tu energ\u00eda f\u00edsica y mental sin sobrecargar tu sistema. Combinaciones ligeras, nutritivas y conscientes para d\u00edas en los que necesitas claridad y fuerza.","rel":"","context":"Similar post","block_context":{"text":"Similar post","link":""},"img":{"alt_text":"","src":"https:\/\/i0.wp.com\/eatliftlive.com\/wp-content\/uploads\/2025\/11\/imagen-de-un-menu-post-entreno.jpg?fit=1200%2C672&ssl=1&resize=350%2C200","width":350,"height":200,"srcset":"https:\/\/i0.wp.com\/eatliftlive.com\/wp-content\/uploads\/2025\/11\/imagen-de-un-menu-post-entreno.jpg?fit=1200%2C672&ssl=1&resize=350%2C200 1x, https:\/\/i0.wp.com\/eatliftlive.com\/wp-content\/uploads\/2025\/11\/imagen-de-un-menu-post-entreno.jpg?fit=1200%2C672&ssl=1&resize=525%2C300 1.5x, https:\/\/i0.wp.com\/eatliftlive.com\/wp-content\/uploads\/2025\/11\/imagen-de-un-menu-post-entreno.jpg?fit=1200%2C672&ssl=1&resize=700%2C400 2x, https:\/\/i0.wp.com\/eatliftlive.com\/wp-content\/uploads\/2025\/11\/imagen-de-un-menu-post-entreno.jpg?fit=1200%2C672&ssl=1&resize=1050%2C600 3x"},"classes":[]},{"id":2066,"url":"https:\/\/eatliftlive.com\/en\/product\/love-menu\/","url_meta":{"origin":1177,"position":2},"title":"Love Men\u00fa","author":"Chef Owl","date":"5 de February de 2026","format":false,"excerpt":"El LOVE Men\u00fa es una colecci\u00f3n exclusiva de recetas creadas para transformar San Valent\u00edn en una experiencia \u00edntima, deliciosa y memorable. Cada plato ha sido dise\u00f1ado para despertar los sentidos, celebrar la conexi\u00f3n y convertir la mesa en el escenario perfecto para compartir momentos que se quedan en la piel.\u2026","rel":"","context":"Similar post","block_context":{"text":"Similar post","link":""},"img":{"alt_text":"","src":"https:\/\/i0.wp.com\/eatliftlive.com\/wp-content\/uploads\/2026\/01\/corazon-manos.webp?fit=1200%2C658&ssl=1&resize=350%2C200","width":350,"height":200,"srcset":"https:\/\/i0.wp.com\/eatliftlive.com\/wp-content\/uploads\/2026\/01\/corazon-manos.webp?fit=1200%2C658&ssl=1&resize=350%2C200 1x, https:\/\/i0.wp.com\/eatliftlive.com\/wp-content\/uploads\/2026\/01\/corazon-manos.webp?fit=1200%2C658&ssl=1&resize=525%2C300 1.5x, https:\/\/i0.wp.com\/eatliftlive.com\/wp-content\/uploads\/2026\/01\/corazon-manos.webp?fit=1200%2C658&ssl=1&resize=700%2C400 2x, https:\/\/i0.wp.com\/eatliftlive.com\/wp-content\/uploads\/2026\/01\/corazon-manos.webp?fit=1200%2C658&ssl=1&resize=1050%2C600 3x"},"classes":[]},{"id":2030,"url":"https:\/\/eatliftlive.com\/en\/product\/menu-vegano-verde-gourmet\/","url_meta":{"origin":1177,"position":3},"title":"Men\u00fa Vegano VERDE GOURMET","author":"Chef Owl","date":"17 de February de 2026","format":false,"excerpt":"VERDE GOURMET es una experiencia culinaria 100% vegetal dise\u00f1ada para sorprender incluso a quienes no siguen una dieta vegana. Cada plato combina creatividad, t\u00e9cnica y sabores vibrantes, con ingredientes frescos y de temporada que elevan la cocina vegetal a un nivel sofisticado y accesible. Este men\u00fa re\u00fane entrantes llenos de\u2026","rel":"","context":"Similar post","block_context":{"text":"Similar post","link":""},"img":{"alt_text":"","src":"https:\/\/i0.wp.com\/eatliftlive.com\/wp-content\/uploads\/2026\/02\/Vegan.webp?fit=1200%2C670&ssl=1&resize=350%2C200","width":350,"height":200,"srcset":"https:\/\/i0.wp.com\/eatliftlive.com\/wp-content\/uploads\/2026\/02\/Vegan.webp?fit=1200%2C670&ssl=1&resize=350%2C200 1x, https:\/\/i0.wp.com\/eatliftlive.com\/wp-content\/uploads\/2026\/02\/Vegan.webp?fit=1200%2C670&ssl=1&resize=525%2C300 1.5x, https:\/\/i0.wp.com\/eatliftlive.com\/wp-content\/uploads\/2026\/02\/Vegan.webp?fit=1200%2C670&ssl=1&resize=700%2C400 2x, https:\/\/i0.wp.com\/eatliftlive.com\/wp-content\/uploads\/2026\/02\/Vegan.webp?fit=1200%2C670&ssl=1&resize=1050%2C600 3x"},"classes":[]},{"id":1698,"url":"https:\/\/eatliftlive.com\/en\/product\/pack-fitness\/","url_meta":{"origin":1177,"position":4},"title":"Pack FITNESS","author":"Chef Owl","date":"5 de January de 2026","format":false,"excerpt":"El Pack FITNESS EatLiftLive\u00ae re\u00fane todo lo que necesitas para entrenar, recuperar y mantener el ritmo durante 7 d\u00edas. Incluye el Plan de Entrenamiento 7 D\u00edas (rutinas sin material, circuitos diarios, calentamiento y enfriamiento) y el Men\u00fa Vitalidad 7 D\u00edas (recetas r\u00e1pidas, equilibradas y dise\u00f1adas para optimizar tu recuperaci\u00f3n). Una\u2026","rel":"","context":"Similar post","block_context":{"text":"Similar post","link":""},"img":{"alt_text":"","src":"https:\/\/i0.wp.com\/eatliftlive.com\/wp-content\/uploads\/2026\/01\/foto-bundle-1.webp?fit=940%2C788&ssl=1&resize=350%2C200","width":350,"height":200,"srcset":"https:\/\/i0.wp.com\/eatliftlive.com\/wp-content\/uploads\/2026\/01\/foto-bundle-1.webp?fit=940%2C788&ssl=1&resize=350%2C200 1x, https:\/\/i0.wp.com\/eatliftlive.com\/wp-content\/uploads\/2026\/01\/foto-bundle-1.webp?fit=940%2C788&ssl=1&resize=525%2C300 1.5x, https:\/\/i0.wp.com\/eatliftlive.com\/wp-content\/uploads\/2026\/01\/foto-bundle-1.webp?fit=940%2C788&ssl=1&resize=700%2C400 2x"},"classes":[]}],"_links":{"self":[{"href":"https:\/\/eatliftlive.com\/en\/wp-json\/wp\/v2\/product\/1177","targetHints":{"allow":["GET"]}}],"collection":[{"href":"https:\/\/eatliftlive.com\/en\/wp-json\/wp\/v2\/product"}],"about":[{"href":"https:\/\/eatliftlive.com\/en\/wp-json\/wp\/v2\/types\/product"}],"replies":[{"embeddable":true,"href":"https:\/\/eatliftlive.com\/en\/wp-json\/wp\/v2\/comments?post=1177"}],"wp:featuredmedia":[{"embeddable":true,"href":"https:\/\/eatliftlive.com\/en\/wp-json\/wp\/v2\/media\/343"}],"wp:attachment":[{"href":"https:\/\/eatliftlive.com\/en\/wp-json\/wp\/v2\/media?parent=1177"}],"wp:term":[{"taxonomy":"product_brand","embeddable":true,"href":"https:\/\/eatliftlive.com\/en\/wp-json\/wp\/v2\/product_brand?post=1177"},{"taxonomy":"product_cat","embeddable":true,"href":"https:\/\/eatliftlive.com\/en\/wp-json\/wp\/v2\/product_cat?post=1177"},{"taxonomy":"product_tag","embeddable":true,"href":"https:\/\/eatliftlive.com\/en\/wp-json\/wp\/v2\/product_tag?post=1177"}],"curies":[{"name":"wp","href":"https:\/\/api.w.org\/{rel}","templated":true}]}}