{"id":1312,"date":"2025-11-16T15:47:07","date_gmt":"2025-11-16T14:47:07","guid":{"rendered":"https:\/\/eatliftlive.com\/?post_type=product&#038;p=1312"},"modified":"2026-01-26T20:20:28","modified_gmt":"2026-01-26T19:20:28","slug":"entrantes-signature","status":"publish","type":"product","link":"https:\/\/eatliftlive.com\/en\/product\/entrantes-signature\/","title":{"rendered":"Entrantes SIGNATURE"},"content":{"rendered":"<p class=\"translation-block\">Una colecci\u00f3n gourmet de peque\u00f1os bocados pensados para<br>\r\nsorprender, compartir y disfrutar con estilo.<\/p>","protected":false},"excerpt":{"rendered":"<p class=\"translation-block\">Una colecci\u00f3n gourmet de peque\u00f1os bocados pensados para<br>\r\nsorprender, compartir y disfrutar con estilo.<\/p>","protected":false},"featured_media":1980,"comment_status":"open","ping_status":"closed","template":"","meta":{"om_disable_all_campaigns":false,"jetpack_post_was_ever_published":false,"jetpack_publicize_message":"","jetpack_publicize_feature_enabled":true,"jetpack_social_post_already_shared":true,"jetpack_social_options":{"image_generator_settings":{"template":"highway","default_image_id":0,"font":"","enabled":false},"version":2}},"product_brand":[],"product_cat":[1473],"product_tag":[1476],"class_list":{"0":"post-1312","1":"product","2":"type-product","3":"status-publish","4":"has-post-thumbnail","6":"product_cat-alimentacion","7":"product_tag-aperitivos","9":"first","10":"instock","11":"downloadable","12":"virtual","13":"taxable","14":"purchasable","15":"product-type-simple"},"jetpack_publicize_connections":[],"jetpack_sharing_enabled":true,"jetpack-related-posts":[{"id":1323,"url":"https:\/\/eatliftlive.com\/en\/product\/variedad-frescura-sabor\/","url_meta":{"origin":1312,"position":0},"title":"Pack TRIPLE FRESCURA (FRESCURA, ENERG\u00cdA, SIGNATURE)","author":"Chef Owl","date":"17 de November de 2025","format":false,"excerpt":"Descubre la combinaci\u00f3n perfecta de sabor, salud y variedad en un solo pack. Incluye una selecci\u00f3n completa de ensaladas frescas, smoothies funcionales y entrantes gourmet, dise\u00f1ados para aportar energ\u00eda, ligereza y placer en cada momento del d\u00eda.","rel":"","context":"Similar post","block_context":{"text":"Similar post","link":""},"img":{"alt_text":"","src":"https:\/\/i0.wp.com\/eatliftlive.com\/wp-content\/uploads\/2026\/01\/TRIPLE-FRESCURA.webp?fit=1024%2C578&ssl=1&resize=350%2C200","width":350,"height":200,"srcset":"https:\/\/i0.wp.com\/eatliftlive.com\/wp-content\/uploads\/2026\/01\/TRIPLE-FRESCURA.webp?fit=1024%2C578&ssl=1&resize=350%2C200 1x, https:\/\/i0.wp.com\/eatliftlive.com\/wp-content\/uploads\/2026\/01\/TRIPLE-FRESCURA.webp?fit=1024%2C578&ssl=1&resize=525%2C300 1.5x, https:\/\/i0.wp.com\/eatliftlive.com\/wp-content\/uploads\/2026\/01\/TRIPLE-FRESCURA.webp?fit=1024%2C578&ssl=1&resize=700%2C400 2x"},"classes":[]},{"id":2030,"url":"https:\/\/eatliftlive.com\/en\/product\/menu-vegano-verde-gourmet\/","url_meta":{"origin":1312,"position":1},"title":"Men\u00fa Vegano VERDE GOURMET","author":"Chef Owl","date":"17 de February de 2026","format":false,"excerpt":"VERDE GOURMET es una experiencia culinaria 100% vegetal dise\u00f1ada para sorprender incluso a quienes no siguen una dieta vegana. Cada plato combina creatividad, t\u00e9cnica y sabores vibrantes, con ingredientes frescos y de temporada que elevan la cocina vegetal a un nivel sofisticado y accesible. Este men\u00fa re\u00fane entrantes llenos de\u2026","rel":"","context":"Similar post","block_context":{"text":"Similar post","link":""},"img":{"alt_text":"","src":"https:\/\/i0.wp.com\/eatliftlive.com\/wp-content\/uploads\/2026\/02\/Vegan.webp?fit=1200%2C670&ssl=1&resize=350%2C200","width":350,"height":200,"srcset":"https:\/\/i0.wp.com\/eatliftlive.com\/wp-content\/uploads\/2026\/02\/Vegan.webp?fit=1200%2C670&ssl=1&resize=350%2C200 1x, https:\/\/i0.wp.com\/eatliftlive.com\/wp-content\/uploads\/2026\/02\/Vegan.webp?fit=1200%2C670&ssl=1&resize=525%2C300 1.5x, https:\/\/i0.wp.com\/eatliftlive.com\/wp-content\/uploads\/2026\/02\/Vegan.webp?fit=1200%2C670&ssl=1&resize=700%2C400 2x, https:\/\/i0.wp.com\/eatliftlive.com\/wp-content\/uploads\/2026\/02\/Vegan.webp?fit=1200%2C670&ssl=1&resize=1050%2C600 3x"},"classes":[]},{"id":1316,"url":"https:\/\/eatliftlive.com\/en\/product\/frescura-mediterranea-2\/","url_meta":{"origin":1312,"position":2},"title":"Pack de FRESCOR (ENFOQUE, VITALIDAD, FRESCOR)","author":"Chef Owl","date":"16 de November de 2025","format":false,"excerpt":"El Pack Frescor no es solo comida: es una forma de vivir con ligereza, sabor y prop\u00f3sito. El Pack Frescor de EatLiftLive\u00ae es una invitaci\u00f3n a reconectar con la energ\u00eda natural de los ingredientes frescos, funcionales y gourmet. EatLiftLive\u00ae transforma tu alimentaci\u00f3n en una experiencia de frescura, intenci\u00f3n y estilo.","rel":"","context":"Similar post","block_context":{"text":"Similar post","link":""},"img":{"alt_text":"","src":"https:\/\/i0.wp.com\/eatliftlive.com\/wp-content\/uploads\/2025\/11\/imagen-para-la-categoria-menus.jpg?fit=1200%2C672&ssl=1&resize=350%2C200","width":350,"height":200,"srcset":"https:\/\/i0.wp.com\/eatliftlive.com\/wp-content\/uploads\/2025\/11\/imagen-para-la-categoria-menus.jpg?fit=1200%2C672&ssl=1&resize=350%2C200 1x, https:\/\/i0.wp.com\/eatliftlive.com\/wp-content\/uploads\/2025\/11\/imagen-para-la-categoria-menus.jpg?fit=1200%2C672&ssl=1&resize=525%2C300 1.5x, https:\/\/i0.wp.com\/eatliftlive.com\/wp-content\/uploads\/2025\/11\/imagen-para-la-categoria-menus.jpg?fit=1200%2C672&ssl=1&resize=700%2C400 2x, https:\/\/i0.wp.com\/eatliftlive.com\/wp-content\/uploads\/2025\/11\/imagen-para-la-categoria-menus.jpg?fit=1200%2C672&ssl=1&resize=1050%2C600 3x"},"classes":[]},{"id":1314,"url":"https:\/\/eatliftlive.com\/en\/product\/pack-de-energia\/","url_meta":{"origin":1312,"position":3},"title":"Pack de ENERG\u00cdA (ENFOQUE, VITALIDAD, ENERG\u00cdA)","author":"Chef Owl","date":"16 de November de 2025","format":false,"excerpt":"Descubre el Pack Energ\u00eda de EatLiftLive: men\u00fas funcionales y post-entreno con ingredientes frescos, m\u00e1s un listado exclusivo de smoothies proteicos y detox. Vitalidad gourmet en cada descarga.","rel":"","context":"Similar post","block_context":{"text":"Similar post","link":""},"img":{"alt_text":"","src":"https:\/\/i0.wp.com\/eatliftlive.com\/wp-content\/uploads\/2025\/11\/imagen-general-para-listado-de-smoothies.jpg?fit=1200%2C672&ssl=1&resize=350%2C200","width":350,"height":200,"srcset":"https:\/\/i0.wp.com\/eatliftlive.com\/wp-content\/uploads\/2025\/11\/imagen-general-para-listado-de-smoothies.jpg?fit=1200%2C672&ssl=1&resize=350%2C200 1x, https:\/\/i0.wp.com\/eatliftlive.com\/wp-content\/uploads\/2025\/11\/imagen-general-para-listado-de-smoothies.jpg?fit=1200%2C672&ssl=1&resize=525%2C300 1.5x, https:\/\/i0.wp.com\/eatliftlive.com\/wp-content\/uploads\/2025\/11\/imagen-general-para-listado-de-smoothies.jpg?fit=1200%2C672&ssl=1&resize=700%2C400 2x, https:\/\/i0.wp.com\/eatliftlive.com\/wp-content\/uploads\/2025\/11\/imagen-general-para-listado-de-smoothies.jpg?fit=1200%2C672&ssl=1&resize=1050%2C600 3x"},"classes":[]},{"id":2066,"url":"https:\/\/eatliftlive.com\/en\/product\/love-menu\/","url_meta":{"origin":1312,"position":4},"title":"Love Men\u00fa","author":"Chef Owl","date":"5 de February de 2026","format":false,"excerpt":"El LOVE Men\u00fa es una colecci\u00f3n exclusiva de recetas creadas para transformar San Valent\u00edn en una experiencia \u00edntima, deliciosa y memorable. Cada plato ha sido dise\u00f1ado para despertar los sentidos, celebrar la conexi\u00f3n y convertir la mesa en el escenario perfecto para compartir momentos que se quedan en la piel.\u2026","rel":"","context":"Similar post","block_context":{"text":"Similar post","link":""},"img":{"alt_text":"","src":"https:\/\/i0.wp.com\/eatliftlive.com\/wp-content\/uploads\/2026\/01\/corazon-manos.webp?fit=1200%2C658&ssl=1&resize=350%2C200","width":350,"height":200,"srcset":"https:\/\/i0.wp.com\/eatliftlive.com\/wp-content\/uploads\/2026\/01\/corazon-manos.webp?fit=1200%2C658&ssl=1&resize=350%2C200 1x, https:\/\/i0.wp.com\/eatliftlive.com\/wp-content\/uploads\/2026\/01\/corazon-manos.webp?fit=1200%2C658&ssl=1&resize=525%2C300 1.5x, https:\/\/i0.wp.com\/eatliftlive.com\/wp-content\/uploads\/2026\/01\/corazon-manos.webp?fit=1200%2C658&ssl=1&resize=700%2C400 2x, https:\/\/i0.wp.com\/eatliftlive.com\/wp-content\/uploads\/2026\/01\/corazon-manos.webp?fit=1200%2C658&ssl=1&resize=1050%2C600 3x"},"classes":[]},{"id":1174,"url":"https:\/\/eatliftlive.com\/en\/product\/menu-enfoque\/","url_meta":{"origin":1312,"position":5},"title":"Men\u00fa ENFOQUE","author":"Chef Owl","date":"4 de November de 2025","format":false,"excerpt":"Un men\u00fa digital dise\u00f1ado para ayudarte a comer con claridad cuando necesitas volver a tu centro. Recetas simples, sin ruido, para reconectar con tu intenci\u00f3n y recuperar tu equilibrio.","rel":"","context":"Similar post","block_context":{"text":"Similar post","link":""},"img":{"alt_text":"","src":"https:\/\/i0.wp.com\/eatliftlive.com\/wp-content\/uploads\/2025\/11\/imagen-de-un-menu-funcional.jpg?fit=1200%2C672&ssl=1&resize=350%2C200","width":350,"height":200,"srcset":"https:\/\/i0.wp.com\/eatliftlive.com\/wp-content\/uploads\/2025\/11\/imagen-de-un-menu-funcional.jpg?fit=1200%2C672&ssl=1&resize=350%2C200 1x, https:\/\/i0.wp.com\/eatliftlive.com\/wp-content\/uploads\/2025\/11\/imagen-de-un-menu-funcional.jpg?fit=1200%2C672&ssl=1&resize=525%2C300 1.5x, https:\/\/i0.wp.com\/eatliftlive.com\/wp-content\/uploads\/2025\/11\/imagen-de-un-menu-funcional.jpg?fit=1200%2C672&ssl=1&resize=700%2C400 2x, https:\/\/i0.wp.com\/eatliftlive.com\/wp-content\/uploads\/2025\/11\/imagen-de-un-menu-funcional.jpg?fit=1200%2C672&ssl=1&resize=1050%2C600 3x"},"classes":[]}],"_links":{"self":[{"href":"https:\/\/eatliftlive.com\/en\/wp-json\/wp\/v2\/product\/1312","targetHints":{"allow":["GET"]}}],"collection":[{"href":"https:\/\/eatliftlive.com\/en\/wp-json\/wp\/v2\/product"}],"about":[{"href":"https:\/\/eatliftlive.com\/en\/wp-json\/wp\/v2\/types\/product"}],"replies":[{"embeddable":true,"href":"https:\/\/eatliftlive.com\/en\/wp-json\/wp\/v2\/comments?post=1312"}],"wp:featuredmedia":[{"embeddable":true,"href":"https:\/\/eatliftlive.com\/en\/wp-json\/wp\/v2\/media\/1980"}],"wp:attachment":[{"href":"https:\/\/eatliftlive.com\/en\/wp-json\/wp\/v2\/media?parent=1312"}],"wp:term":[{"taxonomy":"product_brand","embeddable":true,"href":"https:\/\/eatliftlive.com\/en\/wp-json\/wp\/v2\/product_brand?post=1312"},{"taxonomy":"product_cat","embeddable":true,"href":"https:\/\/eatliftlive.com\/en\/wp-json\/wp\/v2\/product_cat?post=1312"},{"taxonomy":"product_tag","embeddable":true,"href":"https:\/\/eatliftlive.com\/en\/wp-json\/wp\/v2\/product_tag?post=1312"}],"curies":[{"name":"wp","href":"https:\/\/api.w.org\/{rel}","templated":true}]}}