{"id":1696,"date":"2026-01-05T00:56:49","date_gmt":"2026-01-04T23:56:49","guid":{"rendered":"https:\/\/eatliftlive.com\/?post_type=product&#038;p=1696"},"modified":"2026-01-09T11:45:22","modified_gmt":"2026-01-09T10:45:22","slug":"circuitos-diarios-en-casa","status":"publish","type":"product","link":"https:\/\/eatliftlive.com\/en\/product\/circuitos-diarios-en-casa\/","title":{"rendered":"Circuitos Diarios en Casa"},"content":{"rendered":"<p class=\"translation-block\">Circuitos Diarios en Casa es un plan simple, directo y efectivo para moverte cada d\u00eda sin necesidad de material.<br>\r\nIncluye rutinas cortas, tiempos guiados y ejercicios funcionales que puedes hacer en cualquier espacio.<br>\r\nPerfecto para retomar el ritmo, ganar energ\u00eda y mantener consistencia.<\/p>","protected":false},"excerpt":{"rendered":"<p class=\"translation-block\">Circuitos Diarios en Casa es un plan simple, directo y efectivo para moverte cada d\u00eda sin necesidad de material.<br>\r\nIncluye rutinas cortas, tiempos guiados y ejercicios funcionales que puedes hacer en cualquier espacio.<br>\r\nPerfecto para retomar el ritmo, ganar energ\u00eda y mantener consistencia.<\/p>","protected":false},"featured_media":1697,"comment_status":"closed","ping_status":"closed","template":"","meta":{"om_disable_all_campaigns":false,"jetpack_publicize_message":"","jetpack_publicize_feature_enabled":true,"jetpack_social_post_already_shared":true,"jetpack_social_options":{"image_generator_settings":{"template":"highway","default_image_id":0,"font":"","enabled":false},"version":2}},"product_brand":[],"product_cat":[1484],"product_tag":[],"class_list":{"0":"post-1696","1":"product","2":"type-product","3":"status-publish","4":"has-post-thumbnail","6":"product_cat-entreno","8":"first","9":"instock","10":"downloadable","11":"virtual","12":"taxable","13":"purchasable","14":"product-type-simple"},"jetpack_publicize_connections":[],"jetpack_sharing_enabled":true,"jetpack-related-posts":[{"id":1698,"url":"https:\/\/eatliftlive.com\/en\/product\/pack-fitness\/","url_meta":{"origin":1696,"position":0},"title":"Pack FITNESS","author":"Chef Owl","date":"5 de January de 2026","format":false,"excerpt":"El Pack FITNESS EatLiftLive\u00ae re\u00fane todo lo que necesitas para entrenar, recuperar y mantener el ritmo durante 7 d\u00edas. Incluye el Plan de Entrenamiento 7 D\u00edas (rutinas sin material, circuitos diarios, calentamiento y enfriamiento) y el Men\u00fa Vitalidad 7 D\u00edas (recetas r\u00e1pidas, equilibradas y dise\u00f1adas para optimizar tu recuperaci\u00f3n). Una\u2026","rel":"","context":"Similar post","block_context":{"text":"Similar post","link":""},"img":{"alt_text":"","src":"https:\/\/i0.wp.com\/eatliftlive.com\/wp-content\/uploads\/2026\/01\/foto-bundle-1.webp?fit=940%2C788&ssl=1&resize=350%2C200","width":350,"height":200,"srcset":"https:\/\/i0.wp.com\/eatliftlive.com\/wp-content\/uploads\/2026\/01\/foto-bundle-1.webp?fit=940%2C788&ssl=1&resize=350%2C200 1x, https:\/\/i0.wp.com\/eatliftlive.com\/wp-content\/uploads\/2026\/01\/foto-bundle-1.webp?fit=940%2C788&ssl=1&resize=525%2C300 1.5x, https:\/\/i0.wp.com\/eatliftlive.com\/wp-content\/uploads\/2026\/01\/foto-bundle-1.webp?fit=940%2C788&ssl=1&resize=700%2C400 2x"},"classes":[]}],"_links":{"self":[{"href":"https:\/\/eatliftlive.com\/en\/wp-json\/wp\/v2\/product\/1696","targetHints":{"allow":["GET"]}}],"collection":[{"href":"https:\/\/eatliftlive.com\/en\/wp-json\/wp\/v2\/product"}],"about":[{"href":"https:\/\/eatliftlive.com\/en\/wp-json\/wp\/v2\/types\/product"}],"replies":[{"embeddable":true,"href":"https:\/\/eatliftlive.com\/en\/wp-json\/wp\/v2\/comments?post=1696"}],"wp:featuredmedia":[{"embeddable":true,"href":"https:\/\/eatliftlive.com\/en\/wp-json\/wp\/v2\/media\/1697"}],"wp:attachment":[{"href":"https:\/\/eatliftlive.com\/en\/wp-json\/wp\/v2\/media?parent=1696"}],"wp:term":[{"taxonomy":"product_brand","embeddable":true,"href":"https:\/\/eatliftlive.com\/en\/wp-json\/wp\/v2\/product_brand?post=1696"},{"taxonomy":"product_cat","embeddable":true,"href":"https:\/\/eatliftlive.com\/en\/wp-json\/wp\/v2\/product_cat?post=1696"},{"taxonomy":"product_tag","embeddable":true,"href":"https:\/\/eatliftlive.com\/en\/wp-json\/wp\/v2\/product_tag?post=1696"}],"curies":[{"name":"wp","href":"https:\/\/api.w.org\/{rel}","templated":true}]}}