{"id":547,"date":"2025-11-06T08:33:38","date_gmt":"2025-11-06T07:33:38","guid":{"rendered":"https:\/\/eatliftlive.com\/?page_id=547"},"modified":"2025-12-09T17:51:29","modified_gmt":"2025-12-09T16:51:29","slug":"aviso-legal-eatliftlive","status":"publish","type":"page","link":"https:\/\/eatliftlive.com\/es_es\/aviso-legal-eatliftlive\/","title":{"rendered":"Aviso Legal"},"content":{"rendered":"\n\n\n\n\n<h1 class=\"wp-block-heading\">Aviso Legal<\/h1>\n\n\n\n<p><strong>\u00daltima actualizaci\u00f3n:<\/strong> Viernes, 31 de Octubre 2025<\/p>\n\n\n\n<h2 class=\"wp-block-heading\">1. Titular del sitio web<\/h2>\n\n\n\n<p>En cumplimiento con el art\u00edculo 10 de la Ley 34\/2002, de 11 de julio, de Servicios de la Sociedad de la Informaci\u00f3n y Comercio Electr\u00f3nico, se informa que el titular de este sitio web es:<br><strong>Nombre:<\/strong> Bogdan &#8211; Ionut  Nichitoaia<br><strong>Direcci\u00f3n:<\/strong> Palma, Islas Baleares, Espa\u00f1a<br><strong>Email:<\/strong> group@eatliftlive.com<br><strong>NIF\/CIF:<\/strong> X8418813P<\/p>\n\n\n\n<h2 class=\"wp-block-heading\">2. Objeto<\/h2>\n\n\n\n<p>El presente sitio web tiene como finalidad ofrecer productos digitales relacionados con nutrici\u00f3n, entrenamiento y bienestar, incluyendo men\u00fas, gu\u00edas y recursos descargables.<\/p>\n\n\n\n<h2 class=\"wp-block-heading\">3. Condiciones de uso<\/h2>\n\n\n\n<p>El acceso y uso del sitio EatLiftLive\u00ae atribuye la condici\u00f3n de usuario e implica la aceptaci\u00f3n plena de las condiciones aqu\u00ed expuestas. El usuario se compromete a utilizar el sitio y sus contenidos de forma l\u00edcita y respetuosa.<\/p>\n\n\n\n<h2 class=\"wp-block-heading\">4. Propiedad intelectual<\/h2>\n\n\n\n<p>Todos los contenidos del sitio web (textos, im\u00e1genes, productos digitales, dise\u00f1o, estructura) son propiedad de EatLiftLive\u00ae o de sus autores, y est\u00e1n protegidos por la normativa de propiedad intelectual. Queda prohibida su reproducci\u00f3n, distribuci\u00f3n o modificaci\u00f3n sin autorizaci\u00f3n expresa.<\/p>\n\n\n\n<h2 class=\"wp-block-heading\">5. Responsabilidad<\/h2>\n\n\n\n<p>EatLiftLive\u00ae no se responsabiliza del uso indebido de los contenidos ni de los da\u00f1os derivados del acceso o uso del sitio. Tampoco garantiza la disponibilidad continua del sitio ni la ausencia de errores.<\/p>\n\n\n\n<h2 class=\"wp-block-heading\">6. Enlaces externos<\/h2>\n\n\n\n<p>Este sitio puede contener enlaces a p\u00e1ginas de terceros. EatLiftLive\u00ae no se responsabiliza del contenido ni de las pol\u00edticas de privacidad de dichos sitios.<\/p>\n\n\n\n<h2 class=\"wp-block-heading\">7. Legislaci\u00f3n aplicable<\/h2>\n\n\n\n<p>El presente Aviso Legal se rige por la legislaci\u00f3n espa\u00f1ola. Cualquier controversia ser\u00e1 resuelta ante los tribunales de Palma, Islas Baleares.<\/p>\n","protected":false},"excerpt":{"rendered":"<p>Aviso Legal \u00daltima actualizaci\u00f3n: Viernes, 31 de Octubre 2025 1. Titular del sitio web En cumplimiento con el art\u00edculo 10 de la Ley 34\/2002, de 11 de julio, de Servicios de la Sociedad de la Informaci\u00f3n y Comercio Electr\u00f3nico, se informa que el titular de este sitio web es:Nombre: Bogdan &#8211; Ionut NichitoaiaDirecci\u00f3n: Palma, Islas [&#8230;]\n","protected":false},"author":271924636,"featured_media":0,"parent":0,"menu_order":0,"comment_status":"closed","ping_status":"closed","template":"","meta":{"om_disable_all_campaigns":false,"footnotes":""},"class_list":["post-547","page","type-page","status-publish","hentry"],"jetpack_sharing_enabled":true,"jetpack_shortlink":"https:\/\/wp.me\/PgPR8T-8P","jetpack-related-posts":[{"id":543,"url":"https:\/\/eatliftlive.com\/es_es\/terminos-y-condiciones-eatliftlive\/","url_meta":{"origin":547,"position":0},"title":"T\u00e9rminos y Condiciones","author":"Chef Owl","date":"6 de noviembre de 2025","format":false,"excerpt":"T\u00e9rminos y Condiciones \u00daltima actualizaci\u00f3n: Viernes, 31 de Octubre 2025 1. Titular del sitio web Responsable: EatLiftLive\u00aeEmail de contacto: group@eatliftlive.comUbicaci\u00f3n: Palma, Islas Baleares, Espa\u00f1a 2. Objeto del sitio EatLiftLive\u00ae ofrece productos digitales relacionados con nutrici\u00f3n, entrenamiento y bienestar, incluyendo men\u00fas, gu\u00edas y recursos descargables. 3. Condiciones de uso El usuario\u2026","rel":"","context":"Entrada similar","block_context":{"text":"Entrada similar","link":""},"img":{"alt_text":"","src":"","width":0,"height":0},"classes":[]},{"id":540,"url":"https:\/\/eatliftlive.com\/es_es\/politica-de-privacidad-eatliftlive\/","url_meta":{"origin":547,"position":1},"title":"Pol\u00edtica de Privacidad","author":"Chef Owl","date":"6 de noviembre de 2025","format":false,"excerpt":"Pol\u00edtica de Privacidad \u00daltima actualizaci\u00f3n: Viernes 31 Octubre 2025 En EatLiftLive\u00ae, nos tomamos muy en serio la privacidad de nuestros usuarios. Esta pol\u00edtica explica c\u00f3mo recopilamos, usamos y protegemos tus datos personales cuando accedes a nuestros productos digitales, men\u00fas nutricionales y recursos de entrenamiento. 1. Responsable del tratamiento Titular: EatLiftLive\u00aeEmail\u2026","rel":"","context":"Entrada similar","block_context":{"text":"Entrada similar","link":""},"img":{"alt_text":"","src":"","width":0,"height":0},"classes":[]}],"_links":{"self":[{"href":"https:\/\/eatliftlive.com\/es_es\/wp-json\/wp\/v2\/pages\/547","targetHints":{"allow":["GET"]}}],"collection":[{"href":"https:\/\/eatliftlive.com\/es_es\/wp-json\/wp\/v2\/pages"}],"about":[{"href":"https:\/\/eatliftlive.com\/es_es\/wp-json\/wp\/v2\/types\/page"}],"author":[{"embeddable":true,"href":"https:\/\/eatliftlive.com\/es_es\/wp-json\/wp\/v2\/users\/271924636"}],"replies":[{"embeddable":true,"href":"https:\/\/eatliftlive.com\/es_es\/wp-json\/wp\/v2\/comments?post=547"}],"version-history":[{"count":6,"href":"https:\/\/eatliftlive.com\/es_es\/wp-json\/wp\/v2\/pages\/547\/revisions"}],"predecessor-version":[{"id":1308,"href":"https:\/\/eatliftlive.com\/es_es\/wp-json\/wp\/v2\/pages\/547\/revisions\/1308"}],"wp:attachment":[{"href":"https:\/\/eatliftlive.com\/es_es\/wp-json\/wp\/v2\/media?parent=547"}],"curies":[{"name":"wp","href":"https:\/\/api.w.org\/{rel}","templated":true}]}}