{"id":804,"date":"2013-08-11T19:22:53","date_gmt":"2013-08-11T19:22:53","guid":{"rendered":"http:\/\/localhost:8888\/test\/?page_id=532"},"modified":"2026-03-11T14:45:35","modified_gmt":"2026-03-11T13:45:35","slug":"contacto","status":"publish","type":"page","link":"https:\/\/eatliftlive.com\/es_es\/contacto\/","title":{"rendered":"Contacto"},"content":{"rendered":"\n<div class=\"text-center\"><div class=\"is-divider divider clearfix\" ><\/div><\/div>\n\n\t<div class=\"img has-hover x md-x lg-x y md-y lg-y\" id=\"image_2047898673\">\n\t\t\t\t\t\t\t\t<div class=\"img-inner image-cover dark\" style=\"padding-top:56.25%;margin:0px 50px 0px 50px;\">\n\t\t\t<img data-recalc-dims=\"1\" loading=\"lazy\" decoding=\"async\" width=\"1020\" height=\"564\" src=\"https:\/\/i0.wp.com\/eatliftlive.com\/wp-content\/uploads\/2026\/01\/contacto-hero1.webp?resize=1020%2C564&#038;ssl=1\" class=\"attachment-original size-original\" alt=\"\" data-attachment-id=\"1645\" data-permalink=\"https:\/\/eatliftlive.com\/es_es\/contacto\/contacto-hero1\/#main\" data-orig-file=\"https:\/\/i0.wp.com\/eatliftlive.com\/wp-content\/uploads\/2026\/01\/contacto-hero1.webp?fit=2000%2C1106&amp;ssl=1\" data-orig-size=\"2000,1106\" data-comments-opened=\"0\" data-image-meta=\"{&quot;aperture&quot;:&quot;0&quot;,&quot;credit&quot;:&quot;&quot;,&quot;camera&quot;:&quot;&quot;,&quot;caption&quot;:&quot;&quot;,&quot;created_timestamp&quot;:&quot;0&quot;,&quot;copyright&quot;:&quot;&quot;,&quot;focal_length&quot;:&quot;0&quot;,&quot;iso&quot;:&quot;0&quot;,&quot;shutter_speed&quot;:&quot;0&quot;,&quot;title&quot;:&quot;&quot;,&quot;orientation&quot;:&quot;0&quot;}\" data-image-title=\"contacto hero1\" data-image-description=\"\" data-image-caption=\"\" data-large-file=\"https:\/\/i0.wp.com\/eatliftlive.com\/wp-content\/uploads\/2026\/01\/contacto-hero1.webp?fit=1020%2C564&amp;ssl=1\" \/>\t\t\t\t\t\t\n\t\t\t\t\t<\/div>\n\t\t\t\t\t\t\t\t\n<style>\n#image_2047898673 {\n  width: 100%;\n}\n<\/style>\n\t<\/div>\n\t\n\n<div class=\"text-center\"><div class=\"is-divider divider clearfix\" ><\/div><\/div>\n\n<div class=\"row\"  id=\"row-398539300\">\n\n\n\t<div id=\"col-76063337\" class=\"col medium-6 large-6\"  >\n\t\t\t\t<div class=\"col-inner\"  >\n\t\t\t\n\t\t\t\n\n<div class=\"container section-title-container\" ><h3 class=\"section-title section-title-normal\"><b aria-hidden=\"true\"><\/b><span class=\"section-title-main\" >FAQ<\/span><b aria-hidden=\"true\"><\/b><\/h3><\/div>\n\n<p class=\"lead\">Por favor lea nuestra FAQ antes de enviar un correo<\/p>\n<div class=\"accordion\">\n\n\t<div id=\"accordion-3947336742\" class=\"accordion-item\">\n\t\t<a id=\"accordion-3947336742-label\" class=\"accordion-title plain\" href=\"#accordion-item-\u00bfqu\u00e9-m\u00e9todos-de-pago-se-aceptan-en-la-tienda-online?\" aria-expanded=\"false\" aria-controls=\"accordion-3947336742-content\">\n\t\t\t<button class=\"toggle\" aria-label=\"Toggle\"><i class=\"icon-angle-down\" aria-hidden=\"true\"><\/i><\/button>\n\t\t\t<span>\u00bfQu\u00e9 m\u00e9todos de pago se aceptan en la tienda online?<\/span>\n\t\t<\/a>\n\t\t<div id=\"accordion-3947336742-content\" class=\"accordion-inner\" aria-labelledby=\"accordion-3947336742-label\">\n\t\t\t\n\n<p><i>Actualmente aceptamos pagos con tarjeta de cr\u00e9dito\/d\u00e9bito (Visa, MasterCard), PayPal y Bizum. Todos los pagos se procesan de forma segura y encriptada. Al tratarse de productos digitales, el acceso o descarga se activa autom\u00e1ticamente una vez confirmado el pago.<\/i><\/p>\n\n\t\t<\/div>\n\t<\/div>\n\t\n\t<div id=\"accordion-3584376036\" class=\"accordion-item\">\n\t\t<a id=\"accordion-3584376036-label\" class=\"accordion-title plain\" href=\"#accordion-item-\u00bfqu\u00e9-tan-seguro-es-comprar-en-la-tienda-online?-\u00bfest\u00e1-protegida-mi-informaci\u00f3n?\" aria-expanded=\"false\" aria-controls=\"accordion-3584376036-content\">\n\t\t\t<button class=\"toggle\" aria-label=\"Toggle\"><i class=\"icon-angle-down\" aria-hidden=\"true\"><\/i><\/button>\n\t\t\t<span>\u00bfQu\u00e9 tan seguro es comprar en la tienda online? \u00bfEst\u00e1 protegida mi informaci\u00f3n?<\/span>\n\t\t<\/a>\n\t\t<div id=\"accordion-3584376036-content\" class=\"accordion-inner\" aria-labelledby=\"accordion-3584376036-label\">\n\t\t\t\n\n<p><i>Comprar en EatLiftLive es totalmente seguro. Utilizamos conexiones cifradas (SSL) para proteger tus datos personales y de pago. No almacenamos la informaci\u00f3n de tus tarjetas; los pagos se procesan a trav\u00e9s de plataformas seguras como PayPal, Bizum o pasarelas bancarias certificadas. Adem\u00e1s, cumplimos con la normativa europea de protecci\u00f3n de datos (RGPD), garantizando que tu informaci\u00f3n se use \u00fanicamente para gestionar tu compra.<\/i><\/p>\n\n\t\t<\/div>\n\t<\/div>\n\t\n\t<div id=\"accordion-3843621782\" class=\"accordion-item\">\n\t\t<a id=\"accordion-3843621782-label\" class=\"accordion-title plain\" href=\"#accordion-item-\u00bfrecibir\u00e9-una-factura-por-mi-pedido?\" aria-expanded=\"false\" aria-controls=\"accordion-3843621782-content\">\n\t\t\t<button class=\"toggle\" aria-label=\"Toggle\"><i class=\"icon-angle-down\" aria-hidden=\"true\"><\/i><\/button>\n\t\t\t<span>\u00bfRecibir\u00e9 una factura por mi pedido?<\/span>\n\t\t<\/a>\n\t\t<div id=\"accordion-3843621782-content\" class=\"accordion-inner\" aria-labelledby=\"accordion-3843621782-label\">\n\t\t\t\n\n<p><i>S\u00ed. Una vez confirmado el pago, recibir\u00e1s autom\u00e1ticamente tu factura en el correo electr\u00f3nico que hayas indicado durante la compra. La factura incluye todos los detalles de tu pedido y sirve como comprobante oficial. Tambi\u00e9n podr\u00e1s descargarla desde tu \u00e1rea de cliente en cualquier momento.<\/i><\/p>\n\n\t\t<\/div>\n\t<\/div>\n\t\n\n<\/div>\n\n\t\t<\/div>\n\t\t\t\t\t<\/div>\n\n\t\n\n\t<div id=\"col-167247638\" class=\"col medium-6 large-6\"  >\n\t\t\t\t<div class=\"col-inner\"  >\n\t\t\t\n\t\t\t\n\n<div class=\"container section-title-container\" ><h3 class=\"section-title section-title-normal\"><b aria-hidden=\"true\"><\/b><span class=\"section-title-main\" >Contacta con nosotros<\/span><b aria-hidden=\"true\"><\/b><\/h3><\/div>\n\n<style id=\"wpforms-css-vars-1862\">\n\t\t\t\t#wpforms-1862 {\n\t\t\t\t--wpforms-container-padding: 0px;\n--wpforms-container-border-width: 1px;\n--wpforms-container-border-radius: 3px;\n--wpforms-background-color: rgba(0, 0, 0, 0);\n--wpforms-field-size-input-height: 43px;\n--wpforms-field-size-input-spacing: 15px;\n--wpforms-field-size-font-size: 16px;\n--wpforms-field-size-line-height: 19px;\n--wpforms-field-size-padding-h: 14px;\n--wpforms-field-size-checkbox-size: 16px;\n--wpforms-field-size-sublabel-spacing: 5px;\n--wpforms-field-size-icon-size: 1;\n--wpforms-label-size-font-size: 16px;\n--wpforms-label-size-line-height: 19px;\n--wpforms-label-size-sublabel-font-size: 14px;\n--wpforms-label-size-sublabel-line-height: 17px;\n--wpforms-button-size-font-size: 17px;\n--wpforms-button-size-height: 41px;\n--wpforms-button-size-padding-h: 15px;\n--wpforms-button-size-margin-top: 10px;\n--wpforms-container-shadow-size-box-shadow: none;\n\t\t\t}\n\t\t\t<\/style><div class=\"wpforms-container wpforms-container-full wpforms-render-modern\" id=\"wpforms-1862\"><form id=\"wpforms-form-1862\" class=\"wpforms-validate wpforms-form wpforms-ajax-form\" data-formid=\"1862\" method=\"post\" enctype=\"multipart\/form-data\" action=\"\/es_es\/wp-json\/wp\/v2\/pages\/804\" data-token=\"0126bac8d8d25234bb317156f13f2c71\" data-token-time=\"1778244140\"><noscript class=\"wpforms-error-noscript\">Por favor, activa JavaScript en tu navegador para completar este formulario.<\/noscript><div id=\"wpforms-error-noscript\" style=\"display: none;\">Por favor, activa JavaScript en tu navegador para completar este formulario.<\/div><div class=\"wpforms-field-container\"><div id=\"wpforms-1862-field_1-container\" class=\"wpforms-field wpforms-field-name\" data-field-id=\"1\"><fieldset><legend class=\"wpforms-field-label\">Nombre <span class=\"wpforms-required-label\" aria-hidden=\"true\">*<\/span><\/legend><div class=\"wpforms-field-row wpforms-field-medium\"><div class=\"wpforms-field-row-block wpforms-first wpforms-one-half\"><input type=\"text\" id=\"wpforms-1862-field_1\" class=\"wpforms-field-name-first wpforms-field-required\" name=\"wpforms[fields][1][first]\" aria-errormessage=\"wpforms-1862-field_1-error\" required><label for=\"wpforms-1862-field_1\" class=\"wpforms-field-sublabel after\">Nombre<\/label><\/div><div class=\"wpforms-field-row-block wpforms-one-half\"><input type=\"text\" id=\"wpforms-1862-field_1-last\" class=\"wpforms-field-name-last wpforms-field-required\" name=\"wpforms[fields][1][last]\" aria-errormessage=\"wpforms-1862-field_1-last-error\" required><label for=\"wpforms-1862-field_1-last\" class=\"wpforms-field-sublabel after\">Apellidos<\/label><\/div><\/div><\/fieldset><\/div><div id=\"wpforms-1862-field_2-container\" class=\"wpforms-field wpforms-field-email\" data-field-id=\"2\"><label class=\"wpforms-field-label\" for=\"wpforms-1862-field_2\">Correo electr\u00f3nico <span class=\"wpforms-required-label\" aria-hidden=\"true\">*<\/span><\/label><input type=\"email\" id=\"wpforms-1862-field_2\" class=\"wpforms-field-medium wpforms-field-required\" name=\"wpforms[fields][2]\" spellcheck=\"false\" aria-errormessage=\"wpforms-1862-field_2-error\" required><\/div>\t\t<div id=\"wpforms-1862-field_4-container\"\n\t\t\tclass=\"wpforms-field wpforms-field-text\"\n\t\t\tdata-field-type=\"text\"\n\t\t\tdata-field-id=\"4\"\n\t\t\t>\n\t\t\t<label class=\"wpforms-field-label\" for=\"wpforms-1862-field_4\" >o Nombre mensaje<\/label>\n\t\t\t<input type=\"text\" id=\"wpforms-1862-field_4\" class=\"wpforms-field-medium\" name=\"wpforms[fields][4]\" >\n\t\t<\/div>\n\t\t<div id=\"wpforms-1862-field_3-container\" class=\"wpforms-field wpforms-field-textarea\" data-field-id=\"3\"><label class=\"wpforms-field-label\" for=\"wpforms-1862-field_3\">Comentario o mensaje<\/label><textarea id=\"wpforms-1862-field_3\" class=\"wpforms-field-medium\" name=\"wpforms[fields][3]\" aria-errormessage=\"wpforms-1862-field_3-error\" ><\/textarea><\/div><script>\n\t\t\t\t( function() {\n\t\t\t\t\tconst style = document.createElement( 'style' );\n\t\t\t\t\tstyle.appendChild( document.createTextNode( '#wpforms-1862-field_4-container { position: absolute !important; overflow: hidden !important; display: inline !important; height: 1px !important; width: 1px !important; z-index: -1000 !important; padding: 0 !important; } #wpforms-1862-field_4-container input { visibility: hidden; } #wpforms-conversational-form-page #wpforms-1862-field_4-container label { counter-increment: none; }' ) );\n\t\t\t\t\tdocument.head.appendChild( style );\n\t\t\t\t\tdocument.currentScript?.remove();\n\t\t\t\t} )();\n\t\t\t<\/script><\/div><!-- .wpforms-field-container --><div class=\"wpforms-submit-container\" ><input type=\"hidden\" name=\"wpforms[id]\" value=\"1862\"><input type=\"hidden\" name=\"page_title\" value=\"\"><input type=\"hidden\" name=\"page_url\" value=\"https:\/\/eatliftlive.com\/es_es\/wp-json\/wp\/v2\/pages\/804\"><input type=\"hidden\" name=\"url_referer\" value=\"\"><button type=\"submit\" name=\"wpforms[submit]\" id=\"wpforms-submit-1862\" class=\"wpforms-submit\" data-alt-text=\"Enviando...\" data-submit-text=\"Enviar\" aria-live=\"assertive\" value=\"wpforms-submit\">Enviar<\/button><img loading=\"lazy\" decoding=\"async\" src=\"https:\/\/eatliftlive.com\/wp-content\/plugins\/wpforms-lite\/assets\/images\/submit-spin.svg\" class=\"wpforms-submit-spinner\" style=\"display: none;\" width=\"26\" height=\"26\" alt=\"Cargando\"><\/div><\/form><\/div>  <!-- .wpforms-container -->\n\n\t\t<\/div>\n\t\t\t\t\t<\/div>\n\n\t\n\n<\/div>\n<p>&nbsp;<\/p>\n\n","protected":false},"excerpt":{"rendered":"","protected":false},"author":271924636,"featured_media":1645,"parent":0,"menu_order":0,"comment_status":"closed","ping_status":"closed","template":"page-blank.php","meta":{"om_disable_all_campaigns":false,"footnotes":""},"class_list":["post-804","page","type-page","status-publish","has-post-thumbnail","hentry"],"jetpack_sharing_enabled":true,"jetpack_shortlink":"https:\/\/wp.me\/PgPR8T-cY","jetpack-related-posts":[{"id":601,"url":"https:\/\/eatliftlive.com\/es_es\/sobre-mi\/","url_meta":{"origin":804,"position":0},"title":"Sobre mi","author":"Chef Owl","date":"13 de noviembre de 2025","format":false,"excerpt":"","rel":"","context":"Entrada similar","block_context":{"text":"Entrada similar","link":""},"img":{"alt_text":"","src":"","width":0,"height":0},"classes":[]},{"id":811,"url":"https:\/\/eatliftlive.com\/es_es\/blog-posts\/","url_meta":{"origin":804,"position":1},"title":"Blog Posts","author":"Chef Owl","date":"11 de agosto de 2013","format":false,"excerpt":"","rel":"","context":"Entrada similar","block_context":{"text":"Entrada similar","link":""},"img":{"alt_text":"","src":"https:\/\/i0.wp.com\/eatliftlive.com\/wp-content\/uploads\/2016\/08\/dummy-1.jpg?fit=400%2C260&ssl=1&resize=350%2C200","width":350,"height":200},"classes":[]},{"id":807,"url":"https:\/\/eatliftlive.com\/es_es\/map\/","url_meta":{"origin":804,"position":2},"title":"Map","author":"Chef Owl","date":"11 de agosto de 2013","format":false,"excerpt":"","rel":"","context":"Entrada similar","block_context":{"text":"Entrada similar","link":""},"img":{"alt_text":"","src":"https:\/\/i0.wp.com\/eatliftlive.com\/wp-content\/uploads\/2016\/08\/dummy-1.jpg?fit=400%2C260&ssl=1&resize=350%2C200","width":350,"height":200},"classes":[]},{"id":469,"url":"https:\/\/eatliftlive.com\/es_es\/sobre-eatliftlive\/","url_meta":{"origin":804,"position":3},"title":"\u2728 Sobre EatLiftLive\u00ae","author":"Chef Owl","date":"6 de noviembre de 2025","format":false,"excerpt":"Un proyecto para quienes buscan claridad, direcci\u00f3n y conexi\u00f3n en su vida \u00a1Empieza hoy!","rel":"","context":"Entrada similar","block_context":{"text":"Entrada similar","link":""},"img":{"alt_text":"","src":"https:\/\/i0.wp.com\/eatliftlive.com\/wp-content\/uploads\/2025\/10\/Mesa-preparada-fondo.jpg?fit=1024%2C1024&ssl=1&resize=350%2C200","width":350,"height":200,"srcset":"https:\/\/i0.wp.com\/eatliftlive.com\/wp-content\/uploads\/2025\/10\/Mesa-preparada-fondo.jpg?fit=1024%2C1024&ssl=1&resize=350%2C200 1x, https:\/\/i0.wp.com\/eatliftlive.com\/wp-content\/uploads\/2025\/10\/Mesa-preparada-fondo.jpg?fit=1024%2C1024&ssl=1&resize=525%2C300 1.5x, https:\/\/i0.wp.com\/eatliftlive.com\/wp-content\/uploads\/2025\/10\/Mesa-preparada-fondo.jpg?fit=1024%2C1024&ssl=1&resize=700%2C400 2x"},"classes":[]},{"id":2126,"url":"https:\/\/eatliftlive.com\/es_es\/apoya-el-proyecto\/","url_meta":{"origin":804,"position":4},"title":"APOYA EL PROYECTO","author":"Chef Owl","date":"22 de febrero de 2026","format":false,"excerpt":"Apoya el proyecto EatLiftLive\u00ae naci\u00f3 de una idea simple: vivir mejor desde lo esencial.Comer con intenci\u00f3n. Moverse con prop\u00f3sito. Habitar el cuerpo y la vida con m\u00e1s claridad. Este proyecto crece sin prisas, sin ruido y sin artificios.Crece desde la autenticidad, desde la pr\u00e1ctica diaria, desde la voluntad de compartir\u2026","rel":"","context":"Entrada similar","block_context":{"text":"Entrada similar","link":""},"img":{"alt_text":"","src":"https:\/\/i0.wp.com\/www.paypal.com\/es_ES\/i\/scr\/pixel.gif?resize=350%2C200&ssl=1","width":350,"height":200},"classes":[]},{"id":540,"url":"https:\/\/eatliftlive.com\/es_es\/politica-de-privacidad-eatliftlive\/","url_meta":{"origin":804,"position":5},"title":"Pol\u00edtica de Privacidad","author":"Chef Owl","date":"6 de noviembre de 2025","format":false,"excerpt":"Pol\u00edtica de Privacidad \u00daltima actualizaci\u00f3n: Viernes 31 Octubre 2025 En EatLiftLive\u00ae, nos tomamos muy en serio la privacidad de nuestros usuarios. Esta pol\u00edtica explica c\u00f3mo recopilamos, usamos y protegemos tus datos personales cuando accedes a nuestros productos digitales, men\u00fas nutricionales y recursos de entrenamiento. 1. Responsable del tratamiento Titular: EatLiftLive\u00aeEmail\u2026","rel":"","context":"Entrada similar","block_context":{"text":"Entrada similar","link":""},"img":{"alt_text":"","src":"","width":0,"height":0},"classes":[]}],"_links":{"self":[{"href":"https:\/\/eatliftlive.com\/es_es\/wp-json\/wp\/v2\/pages\/804","targetHints":{"allow":["GET"]}}],"collection":[{"href":"https:\/\/eatliftlive.com\/es_es\/wp-json\/wp\/v2\/pages"}],"about":[{"href":"https:\/\/eatliftlive.com\/es_es\/wp-json\/wp\/v2\/types\/page"}],"author":[{"embeddable":true,"href":"https:\/\/eatliftlive.com\/es_es\/wp-json\/wp\/v2\/users\/271924636"}],"replies":[{"embeddable":true,"href":"https:\/\/eatliftlive.com\/es_es\/wp-json\/wp\/v2\/comments?post=804"}],"version-history":[{"count":22,"href":"https:\/\/eatliftlive.com\/es_es\/wp-json\/wp\/v2\/pages\/804\/revisions"}],"predecessor-version":[{"id":2239,"href":"https:\/\/eatliftlive.com\/es_es\/wp-json\/wp\/v2\/pages\/804\/revisions\/2239"}],"wp:featuredmedia":[{"embeddable":true,"href":"https:\/\/eatliftlive.com\/es_es\/wp-json\/wp\/v2\/media\/1645"}],"wp:attachment":[{"href":"https:\/\/eatliftlive.com\/es_es\/wp-json\/wp\/v2\/media?parent=804"}],"curies":[{"name":"wp","href":"https:\/\/api.w.org\/{rel}","templated":true}]}}