{"id":1175,"date":"2025-11-04T22:37:00","date_gmt":"2025-11-04T21:37:00","guid":{"rendered":"https:\/\/eatliftlive.com\/?post_type=product&#038;p=1175"},"modified":"2026-01-25T21:48:55","modified_gmt":"2026-01-25T20:48:55","slug":"pack-de-intencion","status":"publish","type":"product","link":"https:\/\/eatliftlive.com\/es_es\/producto\/pack-de-intencion\/","title":{"rendered":"Pack de INTENCI\u00d3N (ALL-IN-ONE)"},"content":{"rendered":"<figure id=\"attachment_1011\" aria-describedby=\"caption-attachment-1011\" style=\"width: 714px\" class=\"wp-caption alignnone\"><img data-recalc-dims=\"1\" loading=\"lazy\" decoding=\"async\" data-attachment-id=\"1011\" data-permalink=\"https:\/\/eatliftlive.com\/es_es\/?attachment_id=1011\" data-orig-file=\"https:\/\/i0.wp.com\/eatliftlive.com\/wp-content\/uploads\/2025\/11\/imagen-de-un-kit-completo-de-menus-y-smoothies-1.jpg?fit=1600%2C896&amp;ssl=1\" data-orig-size=\"1600,896\" data-comments-opened=\"1\" data-image-meta=\"{&quot;aperture&quot;:&quot;0&quot;,&quot;credit&quot;:&quot;AI generated&quot;,&quot;camera&quot;:&quot;&quot;,&quot;caption&quot;:&quot;&quot;,&quot;created_timestamp&quot;:&quot;0&quot;,&quot;copyright&quot;:&quot;&quot;,&quot;focal_length&quot;:&quot;0&quot;,&quot;iso&quot;:&quot;0&quot;,&quot;shutter_speed&quot;:&quot;0&quot;,&quot;title&quot;:&quot;&quot;,&quot;orientation&quot;:&quot;0&quot;}\" data-image-title=\"imagen de un kit completo de menus y smoothies\" data-image-description=\"&lt;p&gt;Todo lo necesario para sostenerte con direcci\u00f3n.&lt;br \/&gt;\nMen\u00fas, batidos y gu\u00eda pr\u00e1ctica en un solo archivo.&lt;\/p&gt;\n\" data-image-caption=\"\" data-large-file=\"https:\/\/i0.wp.com\/eatliftlive.com\/wp-content\/uploads\/2025\/11\/imagen-de-un-kit-completo-de-menus-y-smoothies-1.jpg?fit=1020%2C571&amp;ssl=1\" class=\"size-medium wp-image-1011\" src=\"https:\/\/i0.wp.com\/eatliftlive.com\/wp-content\/uploads\/2025\/11\/imagen-de-un-kit-completo-de-menus-y-smoothies-1.jpg?resize=714%2C400&#038;ssl=1\" alt=\"\" width=\"714\" height=\"400\" srcset=\"https:\/\/i0.wp.com\/eatliftlive.com\/wp-content\/uploads\/2025\/11\/imagen-de-un-kit-completo-de-menus-y-smoothies-1.jpg?resize=714%2C400&amp;ssl=1 714w, https:\/\/i0.wp.com\/eatliftlive.com\/wp-content\/uploads\/2025\/11\/imagen-de-un-kit-completo-de-menus-y-smoothies-1.jpg?resize=1400%2C784&amp;ssl=1 1400w, https:\/\/i0.wp.com\/eatliftlive.com\/wp-content\/uploads\/2025\/11\/imagen-de-un-kit-completo-de-menus-y-smoothies-1.jpg?resize=768%2C430&amp;ssl=1 768w, https:\/\/i0.wp.com\/eatliftlive.com\/wp-content\/uploads\/2025\/11\/imagen-de-un-kit-completo-de-menus-y-smoothies-1.jpg?resize=1536%2C860&amp;ssl=1 1536w, https:\/\/i0.wp.com\/eatliftlive.com\/wp-content\/uploads\/2025\/11\/imagen-de-un-kit-completo-de-menus-y-smoothies-1.jpg?resize=1320%2C739&amp;ssl=1 1320w, https:\/\/i0.wp.com\/eatliftlive.com\/wp-content\/uploads\/2025\/11\/imagen-de-un-kit-completo-de-menus-y-smoothies-1.jpg?resize=600%2C336&amp;ssl=1 600w, https:\/\/i0.wp.com\/eatliftlive.com\/wp-content\/uploads\/2025\/11\/imagen-de-un-kit-completo-de-menus-y-smoothies-1.jpg?w=1600&amp;ssl=1 1600w\" sizes=\"auto, (max-width: 714px) 100vw, 714px\" \/><figcaption id=\"caption-attachment-1011\" class=\"wp-caption-text\">Todo lo necesario para sostenerte con direcci\u00f3n.<br \/>Men\u00fas, batidos y gu\u00eda pr\u00e1ctica en un solo archivo.<\/figcaption><\/figure>\n","protected":false},"excerpt":{"rendered":"<p>Todos los men\u00fas digitales de EatLiftLive\u00ae en un solo lugar.<br \/>\nRecetas, rutinas y herramientas para reconectar con tu forma de comer, sin dietas ni culpa.<br \/>\nIdeal para empezar con claridad y avanzar con intenci\u00f3n.<\/p>\n","protected":false},"featured_media":1006,"comment_status":"open","ping_status":"closed","template":"","meta":{"om_disable_all_campaigns":false,"jetpack_post_was_ever_published":false,"jetpack_publicize_message":"","jetpack_publicize_feature_enabled":true,"jetpack_social_post_already_shared":true,"jetpack_social_options":{"image_generator_settings":{"template":"highway","default_image_id":0,"font":"","enabled":false},"version":2}},"product_brand":[],"product_cat":[1412,1473,1471,1470],"product_tag":[1475],"class_list":{"0":"post-1175","1":"product","2":"type-product","3":"status-publish","4":"has-post-thumbnail","6":"product_cat-ahorro","7":"product_cat-alimentacion","8":"product_cat-bebidas","9":"product_cat-menus","10":"product_tag-pack","12":"first","13":"instock","14":"downloadable","15":"virtual","16":"taxable","17":"purchasable","18":"product-type-simple"},"jetpack_publicize_connections":[],"jetpack_sharing_enabled":true,"jetpack-related-posts":[{"id":1316,"url":"https:\/\/eatliftlive.com\/es_es\/producto\/frescura-mediterranea-2\/","url_meta":{"origin":1175,"position":0},"title":"Pack de FRESCOR (ENFOQUE, VITALIDAD, FRESCOR)","author":"Chef Owl","date":"16 de noviembre de 2025","format":false,"excerpt":"El Pack Frescor no es solo comida: es una forma de vivir con ligereza, sabor y prop\u00f3sito. El Pack Frescor de EatLiftLive\u00ae es una invitaci\u00f3n a reconectar con la energ\u00eda natural de los ingredientes frescos, funcionales y gourmet. EatLiftLive\u00ae transforma tu alimentaci\u00f3n en una experiencia de frescura, intenci\u00f3n y estilo.","rel":"","context":"Entrada similar","block_context":{"text":"Entrada similar","link":""},"img":{"alt_text":"","src":"https:\/\/i0.wp.com\/eatliftlive.com\/wp-content\/uploads\/2025\/11\/imagen-para-la-categoria-menus.jpg?fit=1200%2C672&ssl=1&resize=350%2C200","width":350,"height":200,"srcset":"https:\/\/i0.wp.com\/eatliftlive.com\/wp-content\/uploads\/2025\/11\/imagen-para-la-categoria-menus.jpg?fit=1200%2C672&ssl=1&resize=350%2C200 1x, https:\/\/i0.wp.com\/eatliftlive.com\/wp-content\/uploads\/2025\/11\/imagen-para-la-categoria-menus.jpg?fit=1200%2C672&ssl=1&resize=525%2C300 1.5x, https:\/\/i0.wp.com\/eatliftlive.com\/wp-content\/uploads\/2025\/11\/imagen-para-la-categoria-menus.jpg?fit=1200%2C672&ssl=1&resize=700%2C400 2x, https:\/\/i0.wp.com\/eatliftlive.com\/wp-content\/uploads\/2025\/11\/imagen-para-la-categoria-menus.jpg?fit=1200%2C672&ssl=1&resize=1050%2C600 3x"},"classes":[]},{"id":1720,"url":"https:\/\/eatliftlive.com\/es_es\/producto\/pack-esencia\/","url_meta":{"origin":1175,"position":1},"title":"Pack ESENCIA","author":"Chef Owl","date":"6 de enero de 2026","format":false,"excerpt":"\ud83c\udf3f Pack ESENCIA \u2014 Nutrici\u00f3n + Entrenamiento para avanzar con claridad El Pack ESENCIA re\u00fane dos pilares fundamentales de EatLiftLive\u00ae: alimentaci\u00f3n simple y consciente + entrenamientos funcionales que activan tu cuerpo sin exigir equipo ni experiencia previa. Un plan de 7 d\u00edas dise\u00f1ado para que te sientas m\u00e1s ligero, fuerte\u2026","rel":"","context":"Entrada similar","block_context":{"text":"Entrada similar","link":""},"img":{"alt_text":"","src":"https:\/\/i0.wp.com\/eatliftlive.com\/wp-content\/uploads\/2026\/01\/foto-bundle.webp?fit=940%2C788&ssl=1&resize=350%2C200","width":350,"height":200,"srcset":"https:\/\/i0.wp.com\/eatliftlive.com\/wp-content\/uploads\/2026\/01\/foto-bundle.webp?fit=940%2C788&ssl=1&resize=350%2C200 1x, https:\/\/i0.wp.com\/eatliftlive.com\/wp-content\/uploads\/2026\/01\/foto-bundle.webp?fit=940%2C788&ssl=1&resize=525%2C300 1.5x, https:\/\/i0.wp.com\/eatliftlive.com\/wp-content\/uploads\/2026\/01\/foto-bundle.webp?fit=940%2C788&ssl=1&resize=700%2C400 2x"},"classes":[]},{"id":1726,"url":"https:\/\/eatliftlive.com\/es_es\/producto\/pack-fitness-completo\/","url_meta":{"origin":1175,"position":2},"title":"Pack FITNESS COMPLETO","author":"Chef Owl","date":"6 de enero de 2026","format":false,"excerpt":"\ud83d\udcaa Pack FITNESS COMPLETO \u2014 Nutrici\u00f3n + Entrenamiento para avanzar con fuerza El Pack FITNESS COMPLETO re\u00fane dos men\u00fas postentreno y funcional y dos planes de entrenamiento, dise\u00f1ados para que actives tu cuerpo, mejores tu energ\u00eda y avances con claridad durante 14 d\u00edas. Es un sistema simple y sostenible: sabes\u2026","rel":"","context":"Entrada similar","block_context":{"text":"Entrada similar","link":""},"img":{"alt_text":"","src":"https:\/\/i0.wp.com\/eatliftlive.com\/wp-content\/uploads\/2026\/01\/A-man-and-a-woman-of-mixed-ethnicity-we-e1767707578487.webp?fit=600%2C353&ssl=1&resize=350%2C200","width":350,"height":200,"srcset":"https:\/\/i0.wp.com\/eatliftlive.com\/wp-content\/uploads\/2026\/01\/A-man-and-a-woman-of-mixed-ethnicity-we-e1767707578487.webp?fit=600%2C353&ssl=1&resize=350%2C200 1x, https:\/\/i0.wp.com\/eatliftlive.com\/wp-content\/uploads\/2026\/01\/A-man-and-a-woman-of-mixed-ethnicity-we-e1767707578487.webp?fit=600%2C353&ssl=1&resize=525%2C300 1.5x"},"classes":[]},{"id":1177,"url":"https:\/\/eatliftlive.com\/es_es\/producto\/menu-cortesia\/","url_meta":{"origin":1175,"position":3},"title":"Men\u00fa CORTES\u00cdA","author":"Chef Owl","date":"4 de noviembre de 2025","format":false,"excerpt":"Un men\u00fa digital gratuito (dos d\u00edas y un batido) para empezar a reconectar con tu forma de comer. Simple, claro y sin restricciones. Desc\u00e1rgalo y descubre c\u00f3mo es comer con intenci\u00f3n.","rel":"","context":"Entrada similar","block_context":{"text":"Entrada similar","link":""},"img":{"alt_text":"","src":"https:\/\/i0.wp.com\/eatliftlive.com\/wp-content\/uploads\/2025\/10\/ingredientes-clave-para-la-cocina-nutricional.png?fit=1024%2C768&ssl=1&resize=350%2C200","width":350,"height":200,"srcset":"https:\/\/i0.wp.com\/eatliftlive.com\/wp-content\/uploads\/2025\/10\/ingredientes-clave-para-la-cocina-nutricional.png?fit=1024%2C768&ssl=1&resize=350%2C200 1x, https:\/\/i0.wp.com\/eatliftlive.com\/wp-content\/uploads\/2025\/10\/ingredientes-clave-para-la-cocina-nutricional.png?fit=1024%2C768&ssl=1&resize=525%2C300 1.5x, https:\/\/i0.wp.com\/eatliftlive.com\/wp-content\/uploads\/2025\/10\/ingredientes-clave-para-la-cocina-nutricional.png?fit=1024%2C768&ssl=1&resize=700%2C400 2x"},"classes":[]},{"id":1174,"url":"https:\/\/eatliftlive.com\/es_es\/producto\/menu-enfoque\/","url_meta":{"origin":1175,"position":4},"title":"Men\u00fa ENFOQUE","author":"Chef Owl","date":"4 de noviembre de 2025","format":false,"excerpt":"Un men\u00fa digital dise\u00f1ado para ayudarte a comer con claridad cuando necesitas volver a tu centro. Recetas simples, sin ruido, para reconectar con tu intenci\u00f3n y recuperar tu equilibrio.","rel":"","context":"Entrada similar","block_context":{"text":"Entrada similar","link":""},"img":{"alt_text":"","src":"https:\/\/i0.wp.com\/eatliftlive.com\/wp-content\/uploads\/2025\/11\/imagen-de-un-menu-funcional.jpg?fit=1200%2C672&ssl=1&resize=350%2C200","width":350,"height":200,"srcset":"https:\/\/i0.wp.com\/eatliftlive.com\/wp-content\/uploads\/2025\/11\/imagen-de-un-menu-funcional.jpg?fit=1200%2C672&ssl=1&resize=350%2C200 1x, https:\/\/i0.wp.com\/eatliftlive.com\/wp-content\/uploads\/2025\/11\/imagen-de-un-menu-funcional.jpg?fit=1200%2C672&ssl=1&resize=525%2C300 1.5x, https:\/\/i0.wp.com\/eatliftlive.com\/wp-content\/uploads\/2025\/11\/imagen-de-un-menu-funcional.jpg?fit=1200%2C672&ssl=1&resize=700%2C400 2x, https:\/\/i0.wp.com\/eatliftlive.com\/wp-content\/uploads\/2025\/11\/imagen-de-un-menu-funcional.jpg?fit=1200%2C672&ssl=1&resize=1050%2C600 3x"},"classes":[]},{"id":1169,"url":"https:\/\/eatliftlive.com\/es_es\/producto\/menu-vitalidad\/","url_meta":{"origin":1175,"position":5},"title":"Men\u00fa VITALIDAD","author":"Chef Owl","date":"4 de noviembre de 2025","format":false,"excerpt":"Recetas dise\u00f1adas para activar tu energ\u00eda f\u00edsica y mental sin sobrecargar tu sistema. Combinaciones ligeras, nutritivas y conscientes para d\u00edas en los que necesitas claridad y fuerza.","rel":"","context":"Entrada similar","block_context":{"text":"Entrada similar","link":""},"img":{"alt_text":"","src":"https:\/\/i0.wp.com\/eatliftlive.com\/wp-content\/uploads\/2025\/11\/imagen-de-un-menu-post-entreno.jpg?fit=1200%2C672&ssl=1&resize=350%2C200","width":350,"height":200,"srcset":"https:\/\/i0.wp.com\/eatliftlive.com\/wp-content\/uploads\/2025\/11\/imagen-de-un-menu-post-entreno.jpg?fit=1200%2C672&ssl=1&resize=350%2C200 1x, https:\/\/i0.wp.com\/eatliftlive.com\/wp-content\/uploads\/2025\/11\/imagen-de-un-menu-post-entreno.jpg?fit=1200%2C672&ssl=1&resize=525%2C300 1.5x, https:\/\/i0.wp.com\/eatliftlive.com\/wp-content\/uploads\/2025\/11\/imagen-de-un-menu-post-entreno.jpg?fit=1200%2C672&ssl=1&resize=700%2C400 2x, https:\/\/i0.wp.com\/eatliftlive.com\/wp-content\/uploads\/2025\/11\/imagen-de-un-menu-post-entreno.jpg?fit=1200%2C672&ssl=1&resize=1050%2C600 3x"},"classes":[]}],"_links":{"self":[{"href":"https:\/\/eatliftlive.com\/es_es\/wp-json\/wp\/v2\/product\/1175","targetHints":{"allow":["GET"]}}],"collection":[{"href":"https:\/\/eatliftlive.com\/es_es\/wp-json\/wp\/v2\/product"}],"about":[{"href":"https:\/\/eatliftlive.com\/es_es\/wp-json\/wp\/v2\/types\/product"}],"replies":[{"embeddable":true,"href":"https:\/\/eatliftlive.com\/es_es\/wp-json\/wp\/v2\/comments?post=1175"}],"wp:featuredmedia":[{"embeddable":true,"href":"https:\/\/eatliftlive.com\/es_es\/wp-json\/wp\/v2\/media\/1006"}],"wp:attachment":[{"href":"https:\/\/eatliftlive.com\/es_es\/wp-json\/wp\/v2\/media?parent=1175"}],"wp:term":[{"taxonomy":"product_brand","embeddable":true,"href":"https:\/\/eatliftlive.com\/es_es\/wp-json\/wp\/v2\/product_brand?post=1175"},{"taxonomy":"product_cat","embeddable":true,"href":"https:\/\/eatliftlive.com\/es_es\/wp-json\/wp\/v2\/product_cat?post=1175"},{"taxonomy":"product_tag","embeddable":true,"href":"https:\/\/eatliftlive.com\/es_es\/wp-json\/wp\/v2\/product_tag?post=1175"}],"curies":[{"name":"wp","href":"https:\/\/api.w.org\/{rel}","templated":true}]}}