{"id":2066,"date":"2026-02-05T20:15:37","date_gmt":"2026-02-05T19:15:37","guid":{"rendered":"https:\/\/eatliftlive.com\/?post_type=product&#038;p=2066"},"modified":"2026-02-05T20:15:38","modified_gmt":"2026-02-05T19:15:38","slug":"love-menu","status":"publish","type":"product","link":"https:\/\/eatliftlive.com\/es_es\/producto\/love-menu\/","title":{"rendered":"Love Men\u00fa"},"content":{"rendered":"<p><!--StartFragment --><\/p>\n<p>El <strong>LOVE Men\u00fa<\/strong> es una colecci\u00f3n exclusiva de recetas creadas para transformar San Valent\u00edn en una experiencia \u00edntima, deliciosa y memorable. Cada plato ha sido dise\u00f1ado para despertar los sentidos, celebrar la conexi\u00f3n y convertir la mesa en el escenario perfecto para compartir momentos que se quedan en la piel. Ideal para parejas que buscan una velada especial, para quienes quieren regalar una experiencia diferente o para quienes creen que el amor tambi\u00e9n se expresa a trav\u00e9s de la comida.<\/p>\n<p><!--EndFragment --><\/p>\n","protected":false},"excerpt":{"rendered":"<p>El LOVE Men\u00fa es una colecci\u00f3n exclusiva de recetas creadas para transformar San Valent\u00edn en una experiencia \u00edntima, deliciosa y memorable. Cada plato ha sido dise\u00f1ado para despertar los sentidos, celebrar la conexi\u00f3n y convertir la mesa en el escenario perfecto para compartir momentos que se quedan en la piel. Ideal para parejas que buscan [&#8230;]\n","protected":false},"featured_media":1998,"comment_status":"closed","ping_status":"closed","template":"","meta":{"om_disable_all_campaigns":false,"jetpack_post_was_ever_published":false,"jetpack_publicize_message":"","jetpack_publicize_feature_enabled":true,"jetpack_social_post_already_shared":true,"jetpack_social_options":{"image_generator_settings":{"template":"highway","default_image_id":0,"font":"","enabled":false},"version":2}},"product_brand":[],"product_cat":[1473,1471,1470],"product_tag":[],"class_list":{"0":"post-2066","1":"product","2":"type-product","3":"status-publish","4":"has-post-thumbnail","6":"product_cat-alimentacion","7":"product_cat-bebidas","8":"product_cat-menus","10":"first","11":"instock","12":"sale","13":"downloadable","14":"virtual","15":"taxable","16":"purchasable","17":"product-type-simple"},"jetpack_publicize_connections":[],"jetpack_sharing_enabled":true,"jetpack-related-posts":[{"id":2030,"url":"https:\/\/eatliftlive.com\/es_es\/producto\/menu-vegano-verde-gourmet\/","url_meta":{"origin":2066,"position":0},"title":"Men\u00fa Vegano VERDE GOURMET","author":"Chef Owl","date":"17 de febrero de 2026","format":false,"excerpt":"VERDE GOURMET es una experiencia culinaria 100% vegetal dise\u00f1ada para sorprender incluso a quienes no siguen una dieta vegana. Cada plato combina creatividad, t\u00e9cnica y sabores vibrantes, con ingredientes frescos y de temporada que elevan la cocina vegetal a un nivel sofisticado y accesible. Este men\u00fa re\u00fane entrantes llenos de\u2026","rel":"","context":"Entrada similar","block_context":{"text":"Entrada similar","link":""},"img":{"alt_text":"","src":"https:\/\/i0.wp.com\/eatliftlive.com\/wp-content\/uploads\/2026\/02\/Vegan.webp?fit=1200%2C670&ssl=1&resize=350%2C200","width":350,"height":200,"srcset":"https:\/\/i0.wp.com\/eatliftlive.com\/wp-content\/uploads\/2026\/02\/Vegan.webp?fit=1200%2C670&ssl=1&resize=350%2C200 1x, https:\/\/i0.wp.com\/eatliftlive.com\/wp-content\/uploads\/2026\/02\/Vegan.webp?fit=1200%2C670&ssl=1&resize=525%2C300 1.5x, https:\/\/i0.wp.com\/eatliftlive.com\/wp-content\/uploads\/2026\/02\/Vegan.webp?fit=1200%2C670&ssl=1&resize=700%2C400 2x, https:\/\/i0.wp.com\/eatliftlive.com\/wp-content\/uploads\/2026\/02\/Vegan.webp?fit=1200%2C670&ssl=1&resize=1050%2C600 3x"},"classes":[]},{"id":1174,"url":"https:\/\/eatliftlive.com\/es_es\/producto\/menu-enfoque\/","url_meta":{"origin":2066,"position":1},"title":"Men\u00fa ENFOQUE","author":"Chef Owl","date":"4 de noviembre de 2025","format":false,"excerpt":"Un men\u00fa digital dise\u00f1ado para ayudarte a comer con claridad cuando necesitas volver a tu centro. Recetas simples, sin ruido, para reconectar con tu intenci\u00f3n y recuperar tu equilibrio.","rel":"","context":"Entrada similar","block_context":{"text":"Entrada similar","link":""},"img":{"alt_text":"","src":"https:\/\/i0.wp.com\/eatliftlive.com\/wp-content\/uploads\/2025\/11\/imagen-de-un-menu-funcional.jpg?fit=1200%2C672&ssl=1&resize=350%2C200","width":350,"height":200,"srcset":"https:\/\/i0.wp.com\/eatliftlive.com\/wp-content\/uploads\/2025\/11\/imagen-de-un-menu-funcional.jpg?fit=1200%2C672&ssl=1&resize=350%2C200 1x, https:\/\/i0.wp.com\/eatliftlive.com\/wp-content\/uploads\/2025\/11\/imagen-de-un-menu-funcional.jpg?fit=1200%2C672&ssl=1&resize=525%2C300 1.5x, https:\/\/i0.wp.com\/eatliftlive.com\/wp-content\/uploads\/2025\/11\/imagen-de-un-menu-funcional.jpg?fit=1200%2C672&ssl=1&resize=700%2C400 2x, https:\/\/i0.wp.com\/eatliftlive.com\/wp-content\/uploads\/2025\/11\/imagen-de-un-menu-funcional.jpg?fit=1200%2C672&ssl=1&resize=1050%2C600 3x"},"classes":[]},{"id":1169,"url":"https:\/\/eatliftlive.com\/es_es\/producto\/menu-vitalidad\/","url_meta":{"origin":2066,"position":2},"title":"Men\u00fa VITALIDAD","author":"Chef Owl","date":"4 de noviembre de 2025","format":false,"excerpt":"Recetas dise\u00f1adas para activar tu energ\u00eda f\u00edsica y mental sin sobrecargar tu sistema. Combinaciones ligeras, nutritivas y conscientes para d\u00edas en los que necesitas claridad y fuerza.","rel":"","context":"Entrada similar","block_context":{"text":"Entrada similar","link":""},"img":{"alt_text":"","src":"https:\/\/i0.wp.com\/eatliftlive.com\/wp-content\/uploads\/2025\/11\/imagen-de-un-menu-post-entreno.jpg?fit=1200%2C672&ssl=1&resize=350%2C200","width":350,"height":200,"srcset":"https:\/\/i0.wp.com\/eatliftlive.com\/wp-content\/uploads\/2025\/11\/imagen-de-un-menu-post-entreno.jpg?fit=1200%2C672&ssl=1&resize=350%2C200 1x, https:\/\/i0.wp.com\/eatliftlive.com\/wp-content\/uploads\/2025\/11\/imagen-de-un-menu-post-entreno.jpg?fit=1200%2C672&ssl=1&resize=525%2C300 1.5x, https:\/\/i0.wp.com\/eatliftlive.com\/wp-content\/uploads\/2025\/11\/imagen-de-un-menu-post-entreno.jpg?fit=1200%2C672&ssl=1&resize=700%2C400 2x, https:\/\/i0.wp.com\/eatliftlive.com\/wp-content\/uploads\/2025\/11\/imagen-de-un-menu-post-entreno.jpg?fit=1200%2C672&ssl=1&resize=1050%2C600 3x"},"classes":[]},{"id":1177,"url":"https:\/\/eatliftlive.com\/es_es\/producto\/menu-cortesia\/","url_meta":{"origin":2066,"position":3},"title":"Men\u00fa CORTES\u00cdA","author":"Chef Owl","date":"4 de noviembre de 2025","format":false,"excerpt":"Un men\u00fa digital gratuito (dos d\u00edas y un batido) para empezar a reconectar con tu forma de comer. Simple, claro y sin restricciones. Desc\u00e1rgalo y descubre c\u00f3mo es comer con intenci\u00f3n.","rel":"","context":"Entrada similar","block_context":{"text":"Entrada similar","link":""},"img":{"alt_text":"","src":"https:\/\/i0.wp.com\/eatliftlive.com\/wp-content\/uploads\/2025\/10\/ingredientes-clave-para-la-cocina-nutricional.png?fit=1024%2C768&ssl=1&resize=350%2C200","width":350,"height":200,"srcset":"https:\/\/i0.wp.com\/eatliftlive.com\/wp-content\/uploads\/2025\/10\/ingredientes-clave-para-la-cocina-nutricional.png?fit=1024%2C768&ssl=1&resize=350%2C200 1x, https:\/\/i0.wp.com\/eatliftlive.com\/wp-content\/uploads\/2025\/10\/ingredientes-clave-para-la-cocina-nutricional.png?fit=1024%2C768&ssl=1&resize=525%2C300 1.5x, https:\/\/i0.wp.com\/eatliftlive.com\/wp-content\/uploads\/2025\/10\/ingredientes-clave-para-la-cocina-nutricional.png?fit=1024%2C768&ssl=1&resize=700%2C400 2x"},"classes":[]},{"id":1698,"url":"https:\/\/eatliftlive.com\/es_es\/producto\/pack-fitness\/","url_meta":{"origin":2066,"position":4},"title":"Pack FITNESS","author":"Chef Owl","date":"5 de enero de 2026","format":false,"excerpt":"El Pack FITNESS EatLiftLive\u00ae re\u00fane todo lo que necesitas para entrenar, recuperar y mantener el ritmo durante 7 d\u00edas. Incluye el Plan de Entrenamiento 7 D\u00edas (rutinas sin material, circuitos diarios, calentamiento y enfriamiento) y el Men\u00fa Vitalidad 7 D\u00edas (recetas r\u00e1pidas, equilibradas y dise\u00f1adas para optimizar tu recuperaci\u00f3n). Una\u2026","rel":"","context":"Entrada similar","block_context":{"text":"Entrada similar","link":""},"img":{"alt_text":"","src":"https:\/\/i0.wp.com\/eatliftlive.com\/wp-content\/uploads\/2026\/01\/foto-bundle-1.webp?fit=940%2C788&ssl=1&resize=350%2C200","width":350,"height":200,"srcset":"https:\/\/i0.wp.com\/eatliftlive.com\/wp-content\/uploads\/2026\/01\/foto-bundle-1.webp?fit=940%2C788&ssl=1&resize=350%2C200 1x, https:\/\/i0.wp.com\/eatliftlive.com\/wp-content\/uploads\/2026\/01\/foto-bundle-1.webp?fit=940%2C788&ssl=1&resize=525%2C300 1.5x, https:\/\/i0.wp.com\/eatliftlive.com\/wp-content\/uploads\/2026\/01\/foto-bundle-1.webp?fit=940%2C788&ssl=1&resize=700%2C400 2x"},"classes":[]},{"id":1316,"url":"https:\/\/eatliftlive.com\/es_es\/producto\/frescura-mediterranea-2\/","url_meta":{"origin":2066,"position":5},"title":"Pack de FRESCOR (ENFOQUE, VITALIDAD, FRESCOR)","author":"Chef Owl","date":"16 de noviembre de 2025","format":false,"excerpt":"El Pack Frescor no es solo comida: es una forma de vivir con ligereza, sabor y prop\u00f3sito. El Pack Frescor de EatLiftLive\u00ae es una invitaci\u00f3n a reconectar con la energ\u00eda natural de los ingredientes frescos, funcionales y gourmet. EatLiftLive\u00ae transforma tu alimentaci\u00f3n en una experiencia de frescura, intenci\u00f3n y estilo.","rel":"","context":"Entrada similar","block_context":{"text":"Entrada similar","link":""},"img":{"alt_text":"","src":"https:\/\/i0.wp.com\/eatliftlive.com\/wp-content\/uploads\/2025\/11\/imagen-para-la-categoria-menus.jpg?fit=1200%2C672&ssl=1&resize=350%2C200","width":350,"height":200,"srcset":"https:\/\/i0.wp.com\/eatliftlive.com\/wp-content\/uploads\/2025\/11\/imagen-para-la-categoria-menus.jpg?fit=1200%2C672&ssl=1&resize=350%2C200 1x, https:\/\/i0.wp.com\/eatliftlive.com\/wp-content\/uploads\/2025\/11\/imagen-para-la-categoria-menus.jpg?fit=1200%2C672&ssl=1&resize=525%2C300 1.5x, https:\/\/i0.wp.com\/eatliftlive.com\/wp-content\/uploads\/2025\/11\/imagen-para-la-categoria-menus.jpg?fit=1200%2C672&ssl=1&resize=700%2C400 2x, https:\/\/i0.wp.com\/eatliftlive.com\/wp-content\/uploads\/2025\/11\/imagen-para-la-categoria-menus.jpg?fit=1200%2C672&ssl=1&resize=1050%2C600 3x"},"classes":[]}],"_links":{"self":[{"href":"https:\/\/eatliftlive.com\/es_es\/wp-json\/wp\/v2\/product\/2066","targetHints":{"allow":["GET"]}}],"collection":[{"href":"https:\/\/eatliftlive.com\/es_es\/wp-json\/wp\/v2\/product"}],"about":[{"href":"https:\/\/eatliftlive.com\/es_es\/wp-json\/wp\/v2\/types\/product"}],"replies":[{"embeddable":true,"href":"https:\/\/eatliftlive.com\/es_es\/wp-json\/wp\/v2\/comments?post=2066"}],"wp:featuredmedia":[{"embeddable":true,"href":"https:\/\/eatliftlive.com\/es_es\/wp-json\/wp\/v2\/media\/1998"}],"wp:attachment":[{"href":"https:\/\/eatliftlive.com\/es_es\/wp-json\/wp\/v2\/media?parent=2066"}],"wp:term":[{"taxonomy":"product_brand","embeddable":true,"href":"https:\/\/eatliftlive.com\/es_es\/wp-json\/wp\/v2\/product_brand?post=2066"},{"taxonomy":"product_cat","embeddable":true,"href":"https:\/\/eatliftlive.com\/es_es\/wp-json\/wp\/v2\/product_cat?post=2066"},{"taxonomy":"product_tag","embeddable":true,"href":"https:\/\/eatliftlive.com\/es_es\/wp-json\/wp\/v2\/product_tag?post=2066"}],"curies":[{"name":"wp","href":"https:\/\/api.w.org\/{rel}","templated":true}]}}